{"id":1189,"date":"2020-11-22T14:56:14","date_gmt":"2020-11-22T14:56:14","guid":{"rendered":"http:\/\/www.casa-capinera.it\/agritourisme\/"},"modified":"2020-11-29T18:26:57","modified_gmt":"2020-11-29T18:26:57","slug":"agritourisme","status":"publish","type":"page","link":"https:\/\/www.casa-capinera.it\/fr\/agritourisme\/","title":{"rendered":"Agritourisme"},"content":{"rendered":"<p>[et_pb_section fb_built=\u00a0\u00bb1&Prime; fullwidth=\u00a0\u00bbon\u00a0\u00bb disabled_on=\u00a0\u00bboff|off|off\u00a0\u00bb admin_label=\u00a0\u00bbHero\u00a0\u00bb _builder_version=\u00a0\u00bb4.5.1&Prime; background_color=\u00a0\u00bbrgba(0,0,0,0)\u00a0\u00bb background_image=\u00a0\u00bbhttp:\/\/www.casa-capinera.it\/wp-content\/uploads\/2020\/11\/titel_agriturismo.jpg\u00a0\u00bb parallax=\u00a0\u00bbon\u00a0\u00bb min_height=\u00a0\u00bb385px\u00a0\u00bb custom_padding=\u00a0\u00bb|||\u00a0\u00bb transparent_background=\u00a0\u00bbon\u00a0\u00bb][et_pb_fullwidth_header text_orientation=\u00a0\u00bbcenter\u00a0\u00bb background_overlay_color=\u00a0\u00bbrgba(0,0,0,0)\u00a0\u00bb subhead_font_color=\u00a0\u00bb#bebebe\u00a0\u00bb _builder_version=\u00a0\u00bb4.5.1&Prime; title_font=\u00a0\u00bbPlayfair Display||||\u00a0\u00bb title_text_color=\u00a0\u00bb#ffffff\u00a0\u00bb title_font_size=\u00a0\u00bb72px\u00a0\u00bb title_line_height=\u00a0\u00bb1.3em\u00a0\u00bb content_font=\u00a0\u00bbMontserrat||||\u00a0\u00bb content_text_color=\u00a0\u00bb#bfbfbf\u00a0\u00bb content_font_size=\u00a0\u00bb19px\u00a0\u00bb content_line_height=\u00a0\u00bb1.8em\u00a0\u00bb subhead_font=\u00a0\u00bbMontserrat||||\u00a0\u00bb subhead_text_color=\u00a0\u00bb#bebebe\u00a0\u00bb subhead_line_height=\u00a0\u00bb1.8em\u00a0\u00bb background_color=\u00a0\u00bbrgba(255, 255, 255, 0)\u00a0\u00bb background_enable_image=\u00a0\u00bboff\u00a0\u00bb parallax=\u00a0\u00bbon\u00a0\u00bb parallax_method=\u00a0\u00bbon\u00a0\u00bb custom_padding=\u00a0\u00bb5%||5%|\u00a0\u00bb animation_style=\u00a0\u00bbzoom\u00a0\u00bb animation_duration=\u00a0\u00bb1500ms\u00a0\u00bb animation_intensity_zoom=\u00a0\u00bb4%\u00a0\u00bb title_line_height_last_edited=\u00a0\u00bboff|desktop\u00a0\u00bb button_one_text_size__hover_enabled=\u00a0\u00bboff\u00a0\u00bb button_two_text_size__hover_enabled=\u00a0\u00bboff\u00a0\u00bb button_one_text_color__hover_enabled=\u00a0\u00bboff\u00a0\u00bb button_two_text_color__hover_enabled=\u00a0\u00bboff\u00a0\u00bb button_one_border_width__hover_enabled=\u00a0\u00bboff\u00a0\u00bb button_two_border_width__hover_enabled=\u00a0\u00bboff\u00a0\u00bb button_one_border_color__hover_enabled=\u00a0\u00bboff\u00a0\u00bb button_two_border_color__hover_enabled=\u00a0\u00bboff\u00a0\u00bb button_one_border_radius__hover_enabled=\u00a0\u00bboff\u00a0\u00bb button_two_border_radius__hover_enabled=\u00a0\u00bboff\u00a0\u00bb button_one_letter_spacing__hover_enabled=\u00a0\u00bboff\u00a0\u00bb button_two_letter_spacing__hover_enabled=\u00a0\u00bboff\u00a0\u00bb button_one_bg_color__hover_enabled=\u00a0\u00bboff\u00a0\u00bb button_two_bg_color__hover_enabled=\u00a0\u00bboff\u00a0\u00bb]<\/p>\n<p>&nbsp;<\/p>\n<p>&nbsp;<\/p>\n<p>[\/et_pb_fullwidth_header][\/et_pb_section][et_pb_section fb_built=\u00a0\u00bb1&Prime; _builder_version=\u00a0\u00bb4.5.1&Prime; _module_preset=\u00a0\u00bbdefault\u00a0\u00bb custom_margin=\u00a0\u00bb||-50px||false|false\u00a0\u00bb][et_pb_row _builder_version=\u00a0\u00bb4.5.1&Prime; _module_preset=\u00a0\u00bbdefault\u00a0\u00bb locked=\u00a0\u00bboff\u00a0\u00bb][et_pb_column type=\u00a0\u00bb4_4&Prime; _builder_version=\u00a0\u00bb4.5.1&Prime; _module_preset=\u00a0\u00bbdefault\u00a0\u00bb][et_pb_text _builder_version=\u00a0\u00bb4.5.1&Prime; _module_preset=\u00a0\u00bbdefault\u00a0\u00bb text_font=\u00a0\u00bbSignika||||||||\u00a0\u00bb text_text_color=\u00a0\u00bb#333333&Prime; text_font_size=\u00a0\u00bb16px\u00a0\u00bb text_line_height=\u00a0\u00bb1.9em\u00a0\u00bb header_font=\u00a0\u00bbSignika|700|||||||\u00a0\u00bb header_text_color=\u00a0\u00bb#87aa0c\u00a0\u00bb header_font_size=\u00a0\u00bb48px\u00a0\u00bb header_2_font=\u00a0\u00bbSignika|600|on||||||\u00a0\u00bb header_2_text_align=\u00a0\u00bbcenter\u00a0\u00bb header_2_text_color=\u00a0\u00bb#b1b1b1&Prime; header_2_font_size=\u00a0\u00bb36px\u00a0\u00bb header_2_line_height=\u00a0\u00bb1.3em\u00a0\u00bb header_3_text_color=\u00a0\u00bb#b1b1b1&Prime; header_3_font_size=\u00a0\u00bb28px\u00a0\u00bb text_orientation=\u00a0\u00bbcenter\u00a0\u00bb]<\/p>\n<h1>Entre mer et montagne<\/h1>\n<h2>Paix, nature, vie \u00e0 la plage et culture<\/h2>\n<p>Situ\u00e9e au milieu des montagnes liguriennes \u00e0 600 m\u00e8tres d&rsquo;altitude, Casa Capinera est nich\u00e9e dans un jardin enchant\u00e9 avec vue sur les Alpes maritimes. Ici, les amoureux de la nature en ont pour leur argent. Lors de vos promenades dans les oliveraies, les bois et les alpages, vous rencontrerez de nombreuses herbes sauvages, vous pourrez cueillir des c\u00e8pes ou des ch\u00e2taignes ou encore trouver une truffe noire. Nous serions \u00e9galement heureux d&rsquo;organiser une visite guid\u00e9e pour vous, de planifier un pique-nique ensemble ou de vous donner des conseils et des indications d\u00e9taill\u00e9es.<\/p>\n<p>[\/et_pb_text][\/et_pb_column][\/et_pb_row][et_pb_row _builder_version=\u00a0\u00bb4.5.1&Prime; _module_preset=\u00a0\u00bbdefault\u00a0\u00bb width=\u00a0\u00bb90%\u00a0\u00bb locked=\u00a0\u00bboff\u00a0\u00bb][et_pb_column type=\u00a0\u00bb4_4&Prime; _builder_version=\u00a0\u00bb4.5.1&Prime; _module_preset=\u00a0\u00bbdefault\u00a0\u00bb][et_pb_gallery gallery_ids=\u00a0\u00bb1316,1319,1615,1609,2045,2042,2021,2026,2029,2007,2035,1987,1944,1966,1969,2006,1959&Prime; show_title_and_caption=\u00a0\u00bboff\u00a0\u00bb show_pagination=\u00a0\u00bboff\u00a0\u00bb _builder_version=\u00a0\u00bb4.5.1&Prime; _module_preset=\u00a0\u00bbdefault\u00a0\u00bb custom_margin=\u00a0\u00bb-20px||-20px||false|false\u00a0\u00bb hover_enabled=\u00a0\u00bb0&Prime; border_width_all_image=\u00a0\u00bb5px\u00a0\u00bb border_color_all_image=\u00a0\u00bb#DDDDDD\u00a0\u00bb locked=\u00a0\u00bboff\u00a0\u00bb][\/et_pb_gallery][\/et_pb_column][\/et_pb_row][et_pb_row _builder_version=\u00a0\u00bb4.5.1&Prime; _module_preset=\u00a0\u00bbdefault\u00a0\u00bb][et_pb_column type=\u00a0\u00bb4_4&Prime; _builder_version=\u00a0\u00bb4.5.1&Prime; _module_preset=\u00a0\u00bbdefault\u00a0\u00bb][et_pb_text _builder_version=\u00a0\u00bb4.5.1&Prime; _module_preset=\u00a0\u00bbdefault\u00a0\u00bb text_font=\u00a0\u00bbSignika||||||||\u00a0\u00bb text_text_color=\u00a0\u00bb#333333&Prime; text_font_size=\u00a0\u00bb16px\u00a0\u00bb text_line_height=\u00a0\u00bb1.9em\u00a0\u00bb header_font=\u00a0\u00bbSignika|700|||||||\u00a0\u00bb header_text_color=\u00a0\u00bb#87aa0c\u00a0\u00bb header_font_size=\u00a0\u00bb48px\u00a0\u00bb header_2_font=\u00a0\u00bbSignika|600|on||||||\u00a0\u00bb header_2_text_align=\u00a0\u00bbcenter\u00a0\u00bb header_2_text_color=\u00a0\u00bb#b1b1b1&Prime; header_2_font_size=\u00a0\u00bb36px\u00a0\u00bb header_2_line_height=\u00a0\u00bb1.3em\u00a0\u00bb header_3_text_color=\u00a0\u00bb#b1b1b1&Prime; header_3_font_size=\u00a0\u00bb28px\u00a0\u00bb text_orientation=\u00a0\u00bbcenter\u00a0\u00bb]<\/p>\n<p>En outre, la Casa Capinera comprend quelques oliveraies o\u00f9 vous pourrez admirer les fruits bleus et bien s\u00fbr go\u00fbter la bonne huile d&rsquo;olive ligurienne et les olives marin\u00e9es. Pendant l&rsquo;\u00e9t\u00e9, vous pouvez d\u00e9guster des fruits frais tels que des cerises, des abricots ou des figues directement dans le jardin ou vous pouvez chercher des tomates, des courgettes ou des poivrons m\u00fbrs dans le potager. L&rsquo;ail le plus c\u00e9l\u00e8bre d&rsquo;Italie est cultiv\u00e9 dans les environs. Son ar\u00f4me est tr\u00e8s doux et il est donc bien tol\u00e9r\u00e9. Les gourmets peuvent s&rsquo;\u00e9merveiller de la culture du safran et bien s\u00fbr en tester le go\u00fbt d\u00e9licieux.<\/p>\n<p>&nbsp;<\/p>\n<p>Vous pouvez rejoindre en 25 minutes seulement en voiture la M\u00e9diterran\u00e9e d&rsquo;un bleu profond avec ses villes portuaires enchanteresses comme Imperia, Alassio ou Laigueglia ainsi que sa vie baln\u00e9aire anim\u00e9e. Des \u00e9tranges plages rocheuses, parfaites pour la plong\u00e9e en apn\u00e9e ou en bouteille, aux plages de sable en pente douce avec restauration, il y en a pour tous les go\u00fbts.<\/p>\n<p>&nbsp;<\/p>\n<p>Quant aux amateurs de culture, ils seront dans leur \u00e9l\u00e9ment dans les nombreuses villes m\u00e9di\u00e9vales avec leurs \u00e9glises romanes ou gothiques, telles qu&rsquo;Albenga ou Cervo, ou encore lors d&rsquo;une visite de Sanremo ou de Nice.<\/p>\n<p>[\/et_pb_text][\/et_pb_column][\/et_pb_row][\/et_pb_section][et_pb_section fb_built=\u00a0\u00bb1&Prime; admin_label=\u00a0\u00bbFeatures\u00a0\u00bb _builder_version=\u00a0\u00bb4.5.1&Prime; background_size=\u00a0\u00bbinitial\u00a0\u00bb background_position=\u00a0\u00bbtop_left\u00a0\u00bb custom_margin=\u00a0\u00bb-50px||||false|false\u00a0\u00bb custom_padding=\u00a0\u00bb0px|0px||0px|false|false\u00a0\u00bb saved_tabs=\u00a0\u00bball\u00a0\u00bb locked=\u00a0\u00bboff\u00a0\u00bb collapsed=\u00a0\u00bboff\u00a0\u00bb][et_pb_row admin_label=\u00a0\u00bbrow\u00a0\u00bb _builder_version=\u00a0\u00bb3.25&Prime; background_size=\u00a0\u00bbinitial\u00a0\u00bb background_position=\u00a0\u00bbtop_left\u00a0\u00bb background_repeat=\u00a0\u00bbrepeat\u00a0\u00bb custom_padding=\u00a0\u00bb27px|0px|27px|0px\u00a0\u00bb][et_pb_column type=\u00a0\u00bb4_4&Prime; _builder_version=\u00a0\u00bb3.25&Prime; custom_padding=\u00a0\u00bb|||\u00a0\u00bb custom_padding__hover=\u00a0\u00bb|||\u00a0\u00bb][et_pb_divider show_divider=\u00a0\u00bboff\u00a0\u00bb disabled_on=\u00a0\u00bbon|on|off%22%22%22%22%22&Prime; _builder_version=\u00a0\u00bb3.2&Prime; max_width=\u00a0\u00bb60px\u00a0\u00bb module_alignment=\u00a0\u00bbcenter\u00a0\u00bb custom_margin=\u00a0\u00bb||10px|\u00a0\u00bb locked=\u00a0\u00bboff\u00a0\u00bb][\/et_pb_divider][et_pb_text _builder_version=\u00a0\u00bb4.5.1&Prime; text_font=\u00a0\u00bb||||||||\u00a0\u00bb header_font=\u00a0\u00bb||||||||\u00a0\u00bb header_2_font=\u00a0\u00bbPlayfair Display||||\u00a0\u00bb header_2_text_color=\u00a0\u00bb#87aa0c\u00a0\u00bb header_2_font_size=\u00a0\u00bb48px\u00a0\u00bb header_2_line_height=\u00a0\u00bb1.3em\u00a0\u00bb background_size=\u00a0\u00bbinitial\u00a0\u00bb background_position=\u00a0\u00bbtop_left\u00a0\u00bb background_repeat=\u00a0\u00bbrepeat\u00a0\u00bb text_orientation=\u00a0\u00bbcenter\u00a0\u00bb locked=\u00a0\u00bboff\u00a0\u00bb header_font_size__hover=\u00a0\u00bb30px\u00a0\u00bb header_font_size__hover_enabled=\u00a0\u00bb30px\u00a0\u00bb header_letter_spacing__hover=\u00a0\u00bb0px\u00a0\u00bb header_letter_spacing__hover_enabled=\u00a0\u00bb0px\u00a0\u00bb header_text_shadow_style__hover=\u00a0\u00bbnone\u00a0\u00bb header_text_shadow_style__hover_enabled=\u00a0\u00bbnone\u00a0\u00bb header_text_shadow_color__hover=\u00a0\u00bbrgba(0,0,0,0.4)\u00a0\u00bb header_text_shadow_color__hover_enabled=\u00a0\u00bbrgba(0,0,0,0.4)\u00a0\u00bb]<\/p>\n<h2>Highlights<\/h2>\n<p>[\/et_pb_text][\/et_pb_column][\/et_pb_row][et_pb_row column_structure=\u00a0\u00bb1_3,1_3,1_3&Prime; column_padding_mobile=\u00a0\u00bbon\u00a0\u00bb custom_padding_last_edited=\u00a0\u00bbon|phone\u00a0\u00bb _builder_version=\u00a0\u00bb3.25&Prime; background_size=\u00a0\u00bbinitial\u00a0\u00bb background_position=\u00a0\u00bbtop_left\u00a0\u00bb background_repeat=\u00a0\u00bbrepeat\u00a0\u00bb max_width=\u00a0\u00bb1280px\u00a0\u00bb custom_padding=\u00a0\u00bb27px|0px|27px|0px\u00a0\u00bb custom_padding_tablet=\u00a0\u00bb49px|||\u00a0\u00bb custom_padding_phone=\u00a0\u00bb19px|||\u00a0\u00bb use_custom_width=\u00a0\u00bbon\u00a0\u00bb custom_width_px=\u00a0\u00bb1280px\u00a0\u00bb][et_pb_column type=\u00a0\u00bb1_3&Prime; _builder_version=\u00a0\u00bb3.25&Prime; custom_padding=\u00a0\u00bb|||\u00a0\u00bb custom_padding__hover=\u00a0\u00bb|||\u00a0\u00bb][et_pb_blurb title=\u00a0\u00bbOffres sp\u00e9ciales\u00a0\u00bb use_icon=\u00a0\u00bbon\u00a0\u00bb font_icon=\u00a0\u00bb%%128%%\u00a0\u00bb icon_color=\u00a0\u00bb#87aa0e\u00a0\u00bb use_icon_font_size=\u00a0\u00bbon\u00a0\u00bb icon_font_size=\u00a0\u00bb64px\u00a0\u00bb _builder_version=\u00a0\u00bb4.5.1&Prime; header_font=\u00a0\u00bbSignika|600|||||||\u00a0\u00bb header_text_color=\u00a0\u00bb#B1B1B1&Prime; header_font_size=\u00a0\u00bb24px\u00a0\u00bb header_line_height=\u00a0\u00bb1.7em\u00a0\u00bb body_font=\u00a0\u00bbSignika||||||||\u00a0\u00bb body_text_color=\u00a0\u00bb#333333&Prime; body_font_size=\u00a0\u00bb17px\u00a0\u00bb body_line_height=\u00a0\u00bb1.8em\u00a0\u00bb background_size=\u00a0\u00bbinitial\u00a0\u00bb background_position=\u00a0\u00bbtop_left\u00a0\u00bb background_repeat=\u00a0\u00bbrepeat\u00a0\u00bb text_orientation=\u00a0\u00bbcenter\u00a0\u00bb]<\/p>\n<p>En fonction de la saison, nous proposons certaines semaines \u00e0 th\u00e8me, de la r\u00e9colte des olives \u00e0 la semaine du yoga, tout est possible!<\/p>\n<p>[\/et_pb_blurb][\/et_pb_column][et_pb_column type=\u00a0\u00bb1_3&Prime; _builder_version=\u00a0\u00bb3.25&Prime; custom_padding=\u00a0\u00bb|||\u00a0\u00bb custom_padding__hover=\u00a0\u00bb|||\u00a0\u00bb][et_pb_blurb title=\u00a0\u00bbVisites de groupes\u00a0\u00bb use_icon=\u00a0\u00bbon\u00a0\u00bb font_icon=\u00a0\u00bb%%259%%\u00a0\u00bb icon_color=\u00a0\u00bb#87aa0e\u00a0\u00bb use_icon_font_size=\u00a0\u00bbon\u00a0\u00bb icon_font_size=\u00a0\u00bb64px\u00a0\u00bb _builder_version=\u00a0\u00bb4.5.1&Prime; header_font=\u00a0\u00bbSignika|600|||||||\u00a0\u00bb header_text_color=\u00a0\u00bb#B1B1B1&Prime; header_font_size=\u00a0\u00bb24px\u00a0\u00bb header_line_height=\u00a0\u00bb1.7em\u00a0\u00bb body_font=\u00a0\u00bbSignika||||||||\u00a0\u00bb body_text_color=\u00a0\u00bb#333333&Prime; body_font_size=\u00a0\u00bb17px\u00a0\u00bb body_line_height=\u00a0\u00bb1.8em\u00a0\u00bb background_size=\u00a0\u00bbinitial\u00a0\u00bb background_position=\u00a0\u00bbtop_left\u00a0\u00bb background_repeat=\u00a0\u00bbrepeat\u00a0\u00bb text_orientation=\u00a0\u00bbcenter\u00a0\u00bb locked=\u00a0\u00bboff\u00a0\u00bb]<\/p>\n<p>Que ce soit pour les groupes, les amis du sport, les personnes handicap\u00e9es ou les clubs canins, nous trouverons la bonne solution !<\/p>\n<p>[\/et_pb_blurb][et_pb_button button_url=\u00a0\u00bbhttp:\/\/www.casa-capinera.it\/kontakt\/\u00a0\u00bb button_text=\u00a0\u00bbDemandes de renseignements\u00a0\u00bb button_alignment=\u00a0\u00bbcenter\u00a0\u00bb _builder_version=\u00a0\u00bb4.5.1&Prime; _module_preset=\u00a0\u00bbdefault\u00a0\u00bb custom_button=\u00a0\u00bbon\u00a0\u00bb button_text_color=\u00a0\u00bb#87aa0e\u00a0\u00bb button_font=\u00a0\u00bbSignika|600|||||||\u00a0\u00bb locked=\u00a0\u00bboff\u00a0\u00bb][\/et_pb_button][\/et_pb_column][et_pb_column type=\u00a0\u00bb1_3&Prime; _builder_version=\u00a0\u00bb3.25&Prime; custom_padding=\u00a0\u00bb|||\u00a0\u00bb custom_padding__hover=\u00a0\u00bb|||\u00a0\u00bb][et_pb_blurb title=\u00a0\u00bbF\u00eates\u00a0\u00bb use_icon=\u00a0\u00bbon\u00a0\u00bb font_icon=\u00a0\u00bb%%377%%\u00a0\u00bb icon_color=\u00a0\u00bb#87aa0e\u00a0\u00bb use_icon_font_size=\u00a0\u00bbon\u00a0\u00bb icon_font_size=\u00a0\u00bb64px\u00a0\u00bb _builder_version=\u00a0\u00bb4.5.1&Prime; header_font=\u00a0\u00bbSignika|600|||||||\u00a0\u00bb header_text_color=\u00a0\u00bb#B1B1B1&Prime; header_font_size=\u00a0\u00bb24px\u00a0\u00bb header_line_height=\u00a0\u00bb1.7em\u00a0\u00bb body_font=\u00a0\u00bbSignika||||||||\u00a0\u00bb body_text_color=\u00a0\u00bb#333333&Prime; body_font_size=\u00a0\u00bb17px\u00a0\u00bb body_line_height=\u00a0\u00bb1.8em\u00a0\u00bb background_size=\u00a0\u00bbinitial\u00a0\u00bb background_position=\u00a0\u00bbtop_left\u00a0\u00bb background_repeat=\u00a0\u00bbrepeat\u00a0\u00bb text_orientation=\u00a0\u00bbcenter\u00a0\u00bb locked=\u00a0\u00bboff\u00a0\u00bb]<\/p>\n<p>Nous serions heureux d&rsquo;organiser votre anniversaire, votre mariage ou votre bapt\u00eame avec nous, y compris l&rsquo;h\u00e9bergement, la nourriture et les divertissements.<\/p>\n<p>[\/et_pb_blurb][\/et_pb_column][\/et_pb_row][\/et_pb_section]<\/p>\n","protected":false},"excerpt":{"rendered":"<p>&nbsp; &nbsp;Entre mer et montagne Paix, nature, vie \u00e0 la plage et culture Situ\u00e9e au milieu des montagnes liguriennes \u00e0 600 m\u00e8tres d&rsquo;altitude, Casa Capinera est nich\u00e9e dans un jardin enchant\u00e9 avec vue sur les Alpes maritimes. Ici, les amoureux de la nature en ont pour leur argent. Lors de vos promenades dans les oliveraies, [&hellip;]<\/p>\n","protected":false},"author":2,"featured_media":0,"parent":0,"menu_order":0,"comment_status":"closed","ping_status":"closed","template":"","meta":{"_et_pb_use_builder":"on","_et_pb_old_content":"","_et_gb_content_width":"","footnotes":""},"class_list":["post-1189","page","type-page","status-publish","hentry"],"yoast_head":"<!-- This site is optimized with the Yoast SEO plugin v27.4 - https:\/\/yoast.com\/product\/yoast-seo-wordpress\/ -->\n<title>Agritourisme - Casa Capinera<\/title>\n<meta name=\"robots\" content=\"index, follow, max-snippet:-1, max-image-preview:large, max-video-preview:-1\" \/>\n<link rel=\"canonical\" href=\"https:\/\/www.casa-capinera.it\/fr\/agritourisme\/\" \/>\n<meta property=\"og:locale\" content=\"fr_FR\" \/>\n<meta property=\"og:type\" content=\"article\" \/>\n<meta property=\"og:title\" content=\"Agritourisme - Casa Capinera\" \/>\n<meta property=\"og:description\" content=\"&nbsp; &nbsp;Entre mer et montagne Paix, nature, vie \u00e0 la plage et culture Situ\u00e9e au milieu des montagnes liguriennes \u00e0 600 m\u00e8tres d&#039;altitude, Casa Capinera est nich\u00e9e dans un jardin enchant\u00e9 avec vue sur les Alpes maritimes. Ici, les amoureux de la nature en ont pour leur argent. Lors de vos promenades dans les oliveraies, [&hellip;]\" \/>\n<meta property=\"og:url\" content=\"https:\/\/www.casa-capinera.it\/fr\/agritourisme\/\" \/>\n<meta property=\"og:site_name\" content=\"Casa Capinera\" \/>\n<meta property=\"article:modified_time\" content=\"2020-11-29T18:26:57+00:00\" \/>\n<meta name=\"twitter:label1\" content=\"Dur\u00e9e de lecture estim\u00e9e\" \/>\n\t<meta name=\"twitter:data1\" content=\"7 minutes\" \/>\n<script type=\"application\/ld+json\" class=\"yoast-schema-graph\">{\"@context\":\"https:\\\/\\\/schema.org\",\"@graph\":[{\"@type\":\"WebPage\",\"@id\":\"https:\\\/\\\/www.casa-capinera.it\\\/fr\\\/agritourisme\\\/\",\"url\":\"https:\\\/\\\/www.casa-capinera.it\\\/fr\\\/agritourisme\\\/\",\"name\":\"Agritourisme - Casa Capinera\",\"isPartOf\":{\"@id\":\"https:\\\/\\\/www.casa-capinera.it\\\/#website\"},\"datePublished\":\"2020-11-22T14:56:14+00:00\",\"dateModified\":\"2020-11-29T18:26:57+00:00\",\"breadcrumb\":{\"@id\":\"https:\\\/\\\/www.casa-capinera.it\\\/fr\\\/agritourisme\\\/#breadcrumb\"},\"inLanguage\":\"fr-FR\",\"potentialAction\":[{\"@type\":\"ReadAction\",\"target\":[\"https:\\\/\\\/www.casa-capinera.it\\\/fr\\\/agritourisme\\\/\"]}]},{\"@type\":\"BreadcrumbList\",\"@id\":\"https:\\\/\\\/www.casa-capinera.it\\\/fr\\\/agritourisme\\\/#breadcrumb\",\"itemListElement\":[{\"@type\":\"ListItem\",\"position\":1,\"name\":\"Home\",\"item\":\"https:\\\/\\\/www.casa-capinera.it\\\/fr\\\/\"},{\"@type\":\"ListItem\",\"position\":2,\"name\":\"Agritourisme\"}]},{\"@type\":\"WebSite\",\"@id\":\"https:\\\/\\\/www.casa-capinera.it\\\/#website\",\"url\":\"https:\\\/\\\/www.casa-capinera.it\\\/\",\"name\":\"Casa Capinera\",\"description\":\"Traumurlaub in den ligurischen Bergen\",\"potentialAction\":[{\"@type\":\"SearchAction\",\"target\":{\"@type\":\"EntryPoint\",\"urlTemplate\":\"https:\\\/\\\/www.casa-capinera.it\\\/?s={search_term_string}\"},\"query-input\":{\"@type\":\"PropertyValueSpecification\",\"valueRequired\":true,\"valueName\":\"search_term_string\"}}],\"inLanguage\":\"fr-FR\"}]}<\/script>\n<!-- \/ Yoast SEO plugin. -->","yoast_head_json":{"title":"Agritourisme - Casa Capinera","robots":{"index":"index","follow":"follow","max-snippet":"max-snippet:-1","max-image-preview":"max-image-preview:large","max-video-preview":"max-video-preview:-1"},"canonical":"https:\/\/www.casa-capinera.it\/fr\/agritourisme\/","og_locale":"fr_FR","og_type":"article","og_title":"Agritourisme - Casa Capinera","og_description":"&nbsp; &nbsp;Entre mer et montagne Paix, nature, vie \u00e0 la plage et culture Situ\u00e9e au milieu des montagnes liguriennes \u00e0 600 m\u00e8tres d'altitude, Casa Capinera est nich\u00e9e dans un jardin enchant\u00e9 avec vue sur les Alpes maritimes. Ici, les amoureux de la nature en ont pour leur argent. Lors de vos promenades dans les oliveraies, [&hellip;]","og_url":"https:\/\/www.casa-capinera.it\/fr\/agritourisme\/","og_site_name":"Casa Capinera","article_modified_time":"2020-11-29T18:26:57+00:00","twitter_misc":{"Dur\u00e9e de lecture estim\u00e9e":"7 minutes"},"schema":{"@context":"https:\/\/schema.org","@graph":[{"@type":"WebPage","@id":"https:\/\/www.casa-capinera.it\/fr\/agritourisme\/","url":"https:\/\/www.casa-capinera.it\/fr\/agritourisme\/","name":"Agritourisme - Casa Capinera","isPartOf":{"@id":"https:\/\/www.casa-capinera.it\/#website"},"datePublished":"2020-11-22T14:56:14+00:00","dateModified":"2020-11-29T18:26:57+00:00","breadcrumb":{"@id":"https:\/\/www.casa-capinera.it\/fr\/agritourisme\/#breadcrumb"},"inLanguage":"fr-FR","potentialAction":[{"@type":"ReadAction","target":["https:\/\/www.casa-capinera.it\/fr\/agritourisme\/"]}]},{"@type":"BreadcrumbList","@id":"https:\/\/www.casa-capinera.it\/fr\/agritourisme\/#breadcrumb","itemListElement":[{"@type":"ListItem","position":1,"name":"Home","item":"https:\/\/www.casa-capinera.it\/fr\/"},{"@type":"ListItem","position":2,"name":"Agritourisme"}]},{"@type":"WebSite","@id":"https:\/\/www.casa-capinera.it\/#website","url":"https:\/\/www.casa-capinera.it\/","name":"Casa Capinera","description":"Traumurlaub in den ligurischen Bergen","potentialAction":[{"@type":"SearchAction","target":{"@type":"EntryPoint","urlTemplate":"https:\/\/www.casa-capinera.it\/?s={search_term_string}"},"query-input":{"@type":"PropertyValueSpecification","valueRequired":true,"valueName":"search_term_string"}}],"inLanguage":"fr-FR"}]}},"_links":{"self":[{"href":"https:\/\/www.casa-capinera.it\/fr\/wp-json\/wp\/v2\/pages\/1189","targetHints":{"allow":["GET"]}}],"collection":[{"href":"https:\/\/www.casa-capinera.it\/fr\/wp-json\/wp\/v2\/pages"}],"about":[{"href":"https:\/\/www.casa-capinera.it\/fr\/wp-json\/wp\/v2\/types\/page"}],"author":[{"embeddable":true,"href":"https:\/\/www.casa-capinera.it\/fr\/wp-json\/wp\/v2\/users\/2"}],"replies":[{"embeddable":true,"href":"https:\/\/www.casa-capinera.it\/fr\/wp-json\/wp\/v2\/comments?post=1189"}],"version-history":[{"count":4,"href":"https:\/\/www.casa-capinera.it\/fr\/wp-json\/wp\/v2\/pages\/1189\/revisions"}],"predecessor-version":[{"id":2087,"href":"https:\/\/www.casa-capinera.it\/fr\/wp-json\/wp\/v2\/pages\/1189\/revisions\/2087"}],"wp:attachment":[{"href":"https:\/\/www.casa-capinera.it\/fr\/wp-json\/wp\/v2\/media?parent=1189"}],"curies":[{"name":"wp","href":"https:\/\/api.w.org\/{rel}","templated":true}]}}