{"id":1140,"date":"2020-11-21T17:36:09","date_gmt":"2020-11-21T17:36:09","guid":{"rendered":"http:\/\/www.casa-capinera.it\/?page_id=1140"},"modified":"2020-11-29T18:31:39","modified_gmt":"2020-11-29T18:31:39","slug":"ambiente-2","status":"publish","type":"page","link":"https:\/\/www.casa-capinera.it\/it\/ambiente-2\/","title":{"rendered":"Ambiente"},"content":{"rendered":"<p>[et_pb_section fb_built=&#8221;1&#8243; fullwidth=&#8221;on&#8221; disabled_on=&#8221;off|off|off&#8221; admin_label=&#8221;Hero&#8221; _builder_version=&#8221;4.5.1&#8243; background_color=&#8221;rgba(0,0,0,0)&#8221; background_image=&#8221;http:\/\/www.casa-capinera.it\/wp-content\/uploads\/2020\/11\/titel_erleben.jpg&#8221; parallax=&#8221;on&#8221; min_height=&#8221;385px&#8221; custom_padding=&#8221;|||&#8221; transparent_background=&#8221;on&#8221;][et_pb_fullwidth_header text_orientation=&#8221;center&#8221; background_overlay_color=&#8221;rgba(0,0,0,0)&#8221; subhead_font_color=&#8221;#bebebe&#8221; _builder_version=&#8221;4.5.1&#8243; title_font=&#8221;Playfair Display||||&#8221; title_text_color=&#8221;#ffffff&#8221; title_font_size=&#8221;72px&#8221; title_line_height=&#8221;1.3em&#8221; content_font=&#8221;Montserrat||||&#8221; content_text_color=&#8221;#bfbfbf&#8221; content_font_size=&#8221;19px&#8221; content_line_height=&#8221;1.8em&#8221; subhead_font=&#8221;Montserrat||||&#8221; subhead_text_color=&#8221;#bebebe&#8221; subhead_line_height=&#8221;1.8em&#8221; background_color=&#8221;rgba(255, 255, 255, 0)&#8221; background_enable_image=&#8221;off&#8221; parallax=&#8221;on&#8221; parallax_method=&#8221;on&#8221; custom_padding=&#8221;5%||5%|&#8221; animation_style=&#8221;zoom&#8221; animation_duration=&#8221;1500ms&#8221; animation_intensity_zoom=&#8221;4%&#8221; title_line_height_last_edited=&#8221;off|desktop&#8221; button_one_text_size__hover_enabled=&#8221;off&#8221; button_two_text_size__hover_enabled=&#8221;off&#8221; button_one_text_color__hover_enabled=&#8221;off&#8221; button_two_text_color__hover_enabled=&#8221;off&#8221; button_one_border_width__hover_enabled=&#8221;off&#8221; button_two_border_width__hover_enabled=&#8221;off&#8221; button_one_border_color__hover_enabled=&#8221;off&#8221; button_two_border_color__hover_enabled=&#8221;off&#8221; button_one_border_radius__hover_enabled=&#8221;off&#8221; button_two_border_radius__hover_enabled=&#8221;off&#8221; button_one_letter_spacing__hover_enabled=&#8221;off&#8221; button_two_letter_spacing__hover_enabled=&#8221;off&#8221; button_one_bg_color__hover_enabled=&#8221;off&#8221; button_two_bg_color__hover_enabled=&#8221;off&#8221;]<\/p>\n<p>&nbsp;<\/p>\n<p>&nbsp;<\/p>\n<p>[\/et_pb_fullwidth_header][\/et_pb_section][et_pb_section fb_built=&#8221;1&#8243; _builder_version=&#8221;4.5.1&#8243; _module_preset=&#8221;default&#8221; custom_margin=&#8221;||-50px||false|false&#8221;][et_pb_row _builder_version=&#8221;4.5.1&#8243; _module_preset=&#8221;default&#8221; locked=&#8221;off&#8221;][et_pb_column type=&#8221;4_4&#8243; _builder_version=&#8221;4.5.1&#8243; _module_preset=&#8221;default&#8221;][et_pb_text _builder_version=&#8221;4.5.1&#8243; _module_preset=&#8221;default&#8221; text_font=&#8221;Signika||||||||&#8221; text_text_color=&#8221;#333333&#8243; text_font_size=&#8221;16px&#8221; text_line_height=&#8221;1.9em&#8221; header_font=&#8221;Signika|700|||||||&#8221; header_text_color=&#8221;#87aa0c&#8221; header_font_size=&#8221;48px&#8221; header_2_font=&#8221;Signika|600|on||||||&#8221; header_2_text_align=&#8221;center&#8221; header_2_text_color=&#8221;#b1b1b1&#8243; header_2_font_size=&#8221;36px&#8221; header_2_line_height=&#8221;1.3em&#8221; header_3_text_color=&#8221;#b1b1b1&#8243; header_3_font_size=&#8221;28px&#8221; text_orientation=&#8221;center&#8221;]<\/p>\n<h1>Una bella combinazione<\/h1>\n<h2>C\u2019\u00e8 n\u2019\u00e8 per tutti i gusti<\/h2>\n<p>Per tutti quelli che amano la natura, il mare e la cultura Casa Capinera \u00e8 ideale. Percorsi di trekking si trovano gi\u00e0 davanti a casa, alcuni con garanzia di ritorno, altri aspettano ancora di essere scoperti da veri boyscout. Il panorama sulle Alpi, i paesini nascosti che si appoggiano a imponenti rocce e la vista sul mare che si gode da questi percorsi \u00e8 indimenticabile. Le spiagge sabbiose della riviera dei fiori e la vivace vita cittadina sono a venti minuti di macchina.<\/p>\n<p>[\/et_pb_text][\/et_pb_column][\/et_pb_row][et_pb_row _builder_version=&#8221;4.5.1&#8243; _module_preset=&#8221;default&#8221; width=&#8221;90%&#8221;][et_pb_column type=&#8221;4_4&#8243; _builder_version=&#8221;4.5.1&#8243; _module_preset=&#8221;default&#8221;][et_pb_gallery gallery_ids=&#8221;1706,1709,1655,1544,1853,1829,1850,1511,1514,1517,1526,1523,1500,1488,1481,1472,1460,1436,1377,1294&#8243; show_title_and_caption=&#8221;off&#8221; show_pagination=&#8221;off&#8221; _builder_version=&#8221;4.5.1&#8243; _module_preset=&#8221;default&#8221; custom_margin=&#8221;-20px||-20px||false|false&#8221; hover_enabled=&#8221;0&#8243; border_width_all_image=&#8221;5px&#8221; border_color_all_image=&#8221;#DDDDDD&#8221; locked=&#8221;off&#8221;][\/et_pb_gallery][\/et_pb_column][\/et_pb_row][et_pb_row _builder_version=&#8221;4.5.1&#8243; _module_preset=&#8221;default&#8221;][et_pb_column type=&#8221;4_4&#8243; _builder_version=&#8221;4.5.1&#8243; _module_preset=&#8221;default&#8221;][et_pb_text _builder_version=&#8221;4.5.1&#8243; _module_preset=&#8221;default&#8221; text_font=&#8221;Signika||||||||&#8221; text_text_color=&#8221;#333333&#8243; text_font_size=&#8221;16px&#8221; text_line_height=&#8221;1.9em&#8221; header_font=&#8221;Signika|700|||||||&#8221; header_text_color=&#8221;#87aa0c&#8221; header_font_size=&#8221;48px&#8221; header_2_font=&#8221;Signika|600|on||||||&#8221; header_2_text_align=&#8221;center&#8221; header_2_text_color=&#8221;#b1b1b1&#8243; header_2_font_size=&#8221;36px&#8221; header_2_line_height=&#8221;1.3em&#8221; header_3_text_color=&#8221;#b1b1b1&#8243; header_3_font_size=&#8221;28px&#8221; text_orientation=&#8221;center&#8221;]<\/p>\n<p>Nel montuoso hinterland ligure c\u2019\u00e8 molto da scoprire. Paesini tipici con ristoranti per buongustai e ambienti medioevali vi aspettano: Valloria con i suoi portoni dipinti, Dolcedo con i suoi antichi ponti e il bar sotto gli archi, Triora l\u2019antico paese delle streghe situato in alto sulle rocce e molto, molto di pi\u00f9. [trenner] Per fare la spesa ci sono i mercati di Oneglia oppure di Porto Maurizio. Qui ci sono anche negozi di abbigliamento e di souvenir. Chi vuole fare shopping in un ambiente pi\u00f9 tranquillo, pu\u00f2 andare a Pieve di Teco, qui si trovano piccoli negozi di prodotti di manifattura locale, macellerie, panifici, bar e ristoranti. Il pi\u00f9 piccolo teatro del mondo si trova qui, nascosto in un vicoletto.<\/p>\n<p>[\/et_pb_text][\/et_pb_column][\/et_pb_row][\/et_pb_section][et_pb_section fb_built=&#8221;1&#8243; admin_label=&#8221;Features&#8221; _builder_version=&#8221;4.5.1&#8243; background_size=&#8221;initial&#8221; background_position=&#8221;top_left&#8221; custom_margin=&#8221;-50px||||false|false&#8221; custom_padding=&#8221;0px|0px||0px|false|false&#8221; saved_tabs=&#8221;all&#8221; locked=&#8221;off&#8221; collapsed=&#8221;off&#8221;][et_pb_row admin_label=&#8221;row&#8221; _builder_version=&#8221;3.25&#8243; background_size=&#8221;initial&#8221; background_position=&#8221;top_left&#8221; background_repeat=&#8221;repeat&#8221; custom_padding=&#8221;27px|0px|27px|0px&#8221;][et_pb_column type=&#8221;4_4&#8243; _builder_version=&#8221;3.25&#8243; custom_padding=&#8221;|||&#8221; custom_padding__hover=&#8221;|||&#8221;][et_pb_divider show_divider=&#8221;off&#8221; disabled_on=&#8221;on|on|off%22%22%22%22%22&#8243; _builder_version=&#8221;3.2&#8243; max_width=&#8221;60px&#8221; module_alignment=&#8221;center&#8221; custom_margin=&#8221;||10px|&#8221; locked=&#8221;off&#8221;][\/et_pb_divider][et_pb_text _builder_version=&#8221;4.5.1&#8243; text_font=&#8221;||||||||&#8221; header_font=&#8221;||||||||&#8221; header_2_font=&#8221;Playfair Display||||&#8221; header_2_text_color=&#8221;#87aa0c&#8221; header_2_font_size=&#8221;48px&#8221; header_2_line_height=&#8221;1.3em&#8221; background_size=&#8221;initial&#8221; background_position=&#8221;top_left&#8221; background_repeat=&#8221;repeat&#8221; text_orientation=&#8221;center&#8221; locked=&#8221;off&#8221; header_font_size__hover=&#8221;30px&#8221; header_font_size__hover_enabled=&#8221;30px&#8221; header_letter_spacing__hover=&#8221;0px&#8221; header_letter_spacing__hover_enabled=&#8221;0px&#8221; header_text_shadow_style__hover=&#8221;none&#8221; header_text_shadow_style__hover_enabled=&#8221;none&#8221; header_text_shadow_color__hover=&#8221;rgba(0,0,0,0.4)&#8221; header_text_shadow_color__hover_enabled=&#8221;rgba(0,0,0,0.4)&#8221;]<\/p>\n<h2>Highlights<\/h2>\n<p>[\/et_pb_text][\/et_pb_column][\/et_pb_row][et_pb_row column_structure=&#8221;1_3,1_3,1_3&#8243; column_padding_mobile=&#8221;on&#8221; custom_padding_last_edited=&#8221;on|phone&#8221; _builder_version=&#8221;3.25&#8243; background_size=&#8221;initial&#8221; background_position=&#8221;top_left&#8221; background_repeat=&#8221;repeat&#8221; max_width=&#8221;1280px&#8221; custom_padding=&#8221;27px|0px|27px|0px&#8221; custom_padding_tablet=&#8221;49px|||&#8221; custom_padding_phone=&#8221;19px|||&#8221; use_custom_width=&#8221;on&#8221; custom_width_px=&#8221;1280px&#8221;][et_pb_column type=&#8221;1_3&#8243; _builder_version=&#8221;3.25&#8243; custom_padding=&#8221;|||&#8221; custom_padding__hover=&#8221;|||&#8221;][et_pb_blurb title=&#8221;Offerte speciali&#8221; use_icon=&#8221;on&#8221; font_icon=&#8221;%%128%%&#8221; icon_color=&#8221;#87aa0e&#8221; use_icon_font_size=&#8221;on&#8221; icon_font_size=&#8221;64px&#8221; _builder_version=&#8221;4.5.1&#8243; header_font=&#8221;Signika|600|||||||&#8221; header_text_color=&#8221;#B1B1B1&#8243; header_font_size=&#8221;24px&#8221; header_line_height=&#8221;1.7em&#8221; body_font=&#8221;Signika||||||||&#8221; body_text_color=&#8221;#333333&#8243; body_font_size=&#8221;17px&#8221; body_line_height=&#8221;1.8em&#8221; background_size=&#8221;initial&#8221; background_position=&#8221;top_left&#8221; background_repeat=&#8221;repeat&#8221; text_orientation=&#8221;center&#8221;]<\/p>\n<p>In base alla stagione, offriamo alcune settimane a tema, dalla raccolta delle olive alla settimana dello yoga. Tutto \u00e8 possibile!<\/p>\n<p>[\/et_pb_blurb][\/et_pb_column][et_pb_column type=&#8221;1_3&#8243; _builder_version=&#8221;3.25&#8243; custom_padding=&#8221;|||&#8221; custom_padding__hover=&#8221;|||&#8221;][et_pb_blurb title=&#8221;Viaggi di gruppo&#8221; use_icon=&#8221;on&#8221; font_icon=&#8221;%%259%%&#8221; icon_color=&#8221;#87aa0e&#8221; use_icon_font_size=&#8221;on&#8221; icon_font_size=&#8221;64px&#8221; _builder_version=&#8221;4.5.1&#8243; header_font=&#8221;Signika|600|||||||&#8221; header_text_color=&#8221;#B1B1B1&#8243; header_font_size=&#8221;24px&#8221; header_line_height=&#8221;1.7em&#8221; body_font=&#8221;Signika||||||||&#8221; body_text_color=&#8221;#333333&#8243; body_font_size=&#8221;17px&#8221; body_line_height=&#8221;1.8em&#8221; background_size=&#8221;initial&#8221; background_position=&#8221;top_left&#8221; background_repeat=&#8221;repeat&#8221; text_orientation=&#8221;center&#8221; locked=&#8221;off&#8221;]<\/p>\n<p>Tutti i gruppi sono da noi i benvenuti, non importa se \u00e8 un club cinofilo, gruppi di sportivi, o persone con disabilit\u00e0. Troveremo il divertimento che fa al caso vostro!<\/p>\n<p>[\/et_pb_blurb][et_pb_button button_url=&#8221;http:\/\/www.casa-capinera.it\/kontakt\/&#8221; button_text=&#8221;Richieste&#8221; button_alignment=&#8221;center&#8221; _builder_version=&#8221;4.5.1&#8243; _module_preset=&#8221;default&#8221; custom_button=&#8221;on&#8221; button_text_color=&#8221;#87aa0e&#8221; button_font=&#8221;Signika|600|||||||&#8221; locked=&#8221;off&#8221;][\/et_pb_button][\/et_pb_column][et_pb_column type=&#8221;1_3&#8243; _builder_version=&#8221;3.25&#8243; custom_padding=&#8221;|||&#8221; custom_padding__hover=&#8221;|||&#8221;][et_pb_blurb title=&#8221;Festeggiamenti&#8221; use_icon=&#8221;on&#8221; font_icon=&#8221;%%377%%&#8221; icon_color=&#8221;#87aa0e&#8221; use_icon_font_size=&#8221;on&#8221; icon_font_size=&#8221;64px&#8221; _builder_version=&#8221;4.5.1&#8243; header_font=&#8221;Signika|600|||||||&#8221; header_text_color=&#8221;#B1B1B1&#8243; header_font_size=&#8221;24px&#8221; header_line_height=&#8221;1.7em&#8221; body_font=&#8221;Signika||||||||&#8221; body_text_color=&#8221;#333333&#8243; body_font_size=&#8221;17px&#8221; body_line_height=&#8221;1.8em&#8221; background_size=&#8221;initial&#8221; background_position=&#8221;top_left&#8221; background_repeat=&#8221;repeat&#8221; text_orientation=&#8221;center&#8221; locked=&#8221;off&#8221;]<\/p>\n<p>Saremo lieti di organizzare i festeggiamenti del vostro compleanno, matrimonio o battesimo, incluso l&#8217;alloggio, il cibo e l&#8217;intrattenimento.<\/p>\n<p>[\/et_pb_blurb][\/et_pb_column][\/et_pb_row][\/et_pb_section]<\/p>\n","protected":false},"excerpt":{"rendered":"<p>&nbsp; &nbsp;Una bella combinazione C\u2019\u00e8 n\u2019\u00e8 per tutti i gusti Per tutti quelli che amano la natura, il mare e la cultura Casa Capinera \u00e8 ideale. Percorsi di trekking si trovano gi\u00e0 davanti a casa, alcuni con garanzia di ritorno, altri aspettano ancora di essere scoperti da veri boyscout. Il panorama sulle Alpi, i paesini [&hellip;]<\/p>\n","protected":false},"author":2,"featured_media":0,"parent":0,"menu_order":0,"comment_status":"closed","ping_status":"closed","template":"","meta":{"_et_pb_use_builder":"on","_et_pb_old_content":"","_et_gb_content_width":"","footnotes":""},"class_list":["post-1140","page","type-page","status-publish","hentry"],"yoast_head":"<!-- This site is optimized with the Yoast SEO plugin v27.4 - https:\/\/yoast.com\/product\/yoast-seo-wordpress\/ -->\n<title>Ambiente - Casa Capinera<\/title>\n<meta name=\"robots\" content=\"index, follow, max-snippet:-1, max-image-preview:large, max-video-preview:-1\" \/>\n<link rel=\"canonical\" href=\"https:\/\/www.casa-capinera.it\/it\/ambiente-2\/\" \/>\n<meta property=\"og:locale\" content=\"it_IT\" \/>\n<meta property=\"og:type\" content=\"article\" \/>\n<meta property=\"og:title\" content=\"Ambiente - Casa Capinera\" \/>\n<meta property=\"og:description\" content=\"&nbsp; &nbsp;Una bella combinazione C\u2019\u00e8 n\u2019\u00e8 per tutti i gusti Per tutti quelli che amano la natura, il mare e la cultura Casa Capinera \u00e8 ideale. Percorsi di trekking si trovano gi\u00e0 davanti a casa, alcuni con garanzia di ritorno, altri aspettano ancora di essere scoperti da veri boyscout. Il panorama sulle Alpi, i paesini [&hellip;]\" \/>\n<meta property=\"og:url\" content=\"https:\/\/www.casa-capinera.it\/it\/ambiente-2\/\" \/>\n<meta property=\"og:site_name\" content=\"Casa Capinera\" \/>\n<meta property=\"article:modified_time\" content=\"2020-11-29T18:31:39+00:00\" \/>\n<meta name=\"twitter:label1\" content=\"Tempo di lettura stimato\" \/>\n\t<meta name=\"twitter:data1\" content=\"7 minuti\" \/>\n<script type=\"application\/ld+json\" class=\"yoast-schema-graph\">{\"@context\":\"https:\\\/\\\/schema.org\",\"@graph\":[{\"@type\":\"WebPage\",\"@id\":\"https:\\\/\\\/www.casa-capinera.it\\\/it\\\/ambiente-2\\\/\",\"url\":\"https:\\\/\\\/www.casa-capinera.it\\\/it\\\/ambiente-2\\\/\",\"name\":\"Ambiente - Casa Capinera\",\"isPartOf\":{\"@id\":\"https:\\\/\\\/www.casa-capinera.it\\\/#website\"},\"datePublished\":\"2020-11-21T17:36:09+00:00\",\"dateModified\":\"2020-11-29T18:31:39+00:00\",\"breadcrumb\":{\"@id\":\"https:\\\/\\\/www.casa-capinera.it\\\/it\\\/ambiente-2\\\/#breadcrumb\"},\"inLanguage\":\"it-IT\",\"potentialAction\":[{\"@type\":\"ReadAction\",\"target\":[\"https:\\\/\\\/www.casa-capinera.it\\\/it\\\/ambiente-2\\\/\"]}]},{\"@type\":\"BreadcrumbList\",\"@id\":\"https:\\\/\\\/www.casa-capinera.it\\\/it\\\/ambiente-2\\\/#breadcrumb\",\"itemListElement\":[{\"@type\":\"ListItem\",\"position\":1,\"name\":\"Home\",\"item\":\"https:\\\/\\\/www.casa-capinera.it\\\/it\\\/\"},{\"@type\":\"ListItem\",\"position\":2,\"name\":\"Ambiente\"}]},{\"@type\":\"WebSite\",\"@id\":\"https:\\\/\\\/www.casa-capinera.it\\\/#website\",\"url\":\"https:\\\/\\\/www.casa-capinera.it\\\/\",\"name\":\"Casa Capinera\",\"description\":\"Traumurlaub in den ligurischen Bergen\",\"potentialAction\":[{\"@type\":\"SearchAction\",\"target\":{\"@type\":\"EntryPoint\",\"urlTemplate\":\"https:\\\/\\\/www.casa-capinera.it\\\/?s={search_term_string}\"},\"query-input\":{\"@type\":\"PropertyValueSpecification\",\"valueRequired\":true,\"valueName\":\"search_term_string\"}}],\"inLanguage\":\"it-IT\"}]}<\/script>\n<!-- \/ Yoast SEO plugin. -->","yoast_head_json":{"title":"Ambiente - Casa Capinera","robots":{"index":"index","follow":"follow","max-snippet":"max-snippet:-1","max-image-preview":"max-image-preview:large","max-video-preview":"max-video-preview:-1"},"canonical":"https:\/\/www.casa-capinera.it\/it\/ambiente-2\/","og_locale":"it_IT","og_type":"article","og_title":"Ambiente - Casa Capinera","og_description":"&nbsp; &nbsp;Una bella combinazione C\u2019\u00e8 n\u2019\u00e8 per tutti i gusti Per tutti quelli che amano la natura, il mare e la cultura Casa Capinera \u00e8 ideale. Percorsi di trekking si trovano gi\u00e0 davanti a casa, alcuni con garanzia di ritorno, altri aspettano ancora di essere scoperti da veri boyscout. Il panorama sulle Alpi, i paesini [&hellip;]","og_url":"https:\/\/www.casa-capinera.it\/it\/ambiente-2\/","og_site_name":"Casa Capinera","article_modified_time":"2020-11-29T18:31:39+00:00","twitter_misc":{"Tempo di lettura stimato":"7 minuti"},"schema":{"@context":"https:\/\/schema.org","@graph":[{"@type":"WebPage","@id":"https:\/\/www.casa-capinera.it\/it\/ambiente-2\/","url":"https:\/\/www.casa-capinera.it\/it\/ambiente-2\/","name":"Ambiente - Casa Capinera","isPartOf":{"@id":"https:\/\/www.casa-capinera.it\/#website"},"datePublished":"2020-11-21T17:36:09+00:00","dateModified":"2020-11-29T18:31:39+00:00","breadcrumb":{"@id":"https:\/\/www.casa-capinera.it\/it\/ambiente-2\/#breadcrumb"},"inLanguage":"it-IT","potentialAction":[{"@type":"ReadAction","target":["https:\/\/www.casa-capinera.it\/it\/ambiente-2\/"]}]},{"@type":"BreadcrumbList","@id":"https:\/\/www.casa-capinera.it\/it\/ambiente-2\/#breadcrumb","itemListElement":[{"@type":"ListItem","position":1,"name":"Home","item":"https:\/\/www.casa-capinera.it\/it\/"},{"@type":"ListItem","position":2,"name":"Ambiente"}]},{"@type":"WebSite","@id":"https:\/\/www.casa-capinera.it\/#website","url":"https:\/\/www.casa-capinera.it\/","name":"Casa Capinera","description":"Traumurlaub in den ligurischen Bergen","potentialAction":[{"@type":"SearchAction","target":{"@type":"EntryPoint","urlTemplate":"https:\/\/www.casa-capinera.it\/?s={search_term_string}"},"query-input":{"@type":"PropertyValueSpecification","valueRequired":true,"valueName":"search_term_string"}}],"inLanguage":"it-IT"}]}},"_links":{"self":[{"href":"https:\/\/www.casa-capinera.it\/it\/wp-json\/wp\/v2\/pages\/1140","targetHints":{"allow":["GET"]}}],"collection":[{"href":"https:\/\/www.casa-capinera.it\/it\/wp-json\/wp\/v2\/pages"}],"about":[{"href":"https:\/\/www.casa-capinera.it\/it\/wp-json\/wp\/v2\/types\/page"}],"author":[{"embeddable":true,"href":"https:\/\/www.casa-capinera.it\/it\/wp-json\/wp\/v2\/users\/2"}],"replies":[{"embeddable":true,"href":"https:\/\/www.casa-capinera.it\/it\/wp-json\/wp\/v2\/comments?post=1140"}],"version-history":[{"count":5,"href":"https:\/\/www.casa-capinera.it\/it\/wp-json\/wp\/v2\/pages\/1140\/revisions"}],"predecessor-version":[{"id":2093,"href":"https:\/\/www.casa-capinera.it\/it\/wp-json\/wp\/v2\/pages\/1140\/revisions\/2093"}],"wp:attachment":[{"href":"https:\/\/www.casa-capinera.it\/it\/wp-json\/wp\/v2\/media?parent=1140"}],"curies":[{"name":"wp","href":"https:\/\/api.w.org\/{rel}","templated":true}]}}