{"id":1161,"date":"2020-11-22T13:59:54","date_gmt":"2020-11-22T13:59:54","guid":{"rendered":"http:\/\/www.casa-capinera.it\/abitare-2\/"},"modified":"2025-12-30T17:05:20","modified_gmt":"2025-12-30T17:05:20","slug":"abitare-2","status":"publish","type":"page","link":"https:\/\/www.casa-capinera.it\/it\/abitare-2\/","title":{"rendered":"Abitare"},"content":{"rendered":"<p>[et_pb_section fb_built=&#8221;1&#8243; fullwidth=&#8221;on&#8221; disabled_on=&#8221;off|off|off&#8221; admin_label=&#8221;Hero&#8221; _builder_version=&#8221;4.16&#8243; background_color=&#8221;rgba(0,0,0,0)&#8221; background_image=&#8221;https:\/\/www.casa-capinera.it\/wp-content\/uploads\/2020\/11\/titel_wohnen.jpg&#8221; parallax=&#8221;on&#8221; min_height=&#8221;385px&#8221; custom_padding=&#8221;|||&#8221; transparent_background=&#8221;on&#8221; global_colors_info=&#8221;{}&#8221;][et_pb_fullwidth_header text_orientation=&#8221;center&#8221; background_overlay_color=&#8221;rgba(0,0,0,0)&#8221; subhead_font_color=&#8221;#bebebe&#8221; _builder_version=&#8221;4.16&#8243; title_font=&#8221;Playfair Display||||&#8221; title_text_color=&#8221;#ffffff&#8221; title_font_size=&#8221;72px&#8221; title_line_height=&#8221;1.3em&#8221; content_font=&#8221;Montserrat||||&#8221; content_text_color=&#8221;#bfbfbf&#8221; content_font_size=&#8221;19px&#8221; content_line_height=&#8221;1.8em&#8221; subhead_font=&#8221;Montserrat||||&#8221; subhead_text_color=&#8221;#bebebe&#8221; subhead_line_height=&#8221;1.8em&#8221; background_color=&#8221;rgba(255, 255, 255, 0)&#8221; background_enable_image=&#8221;off&#8221; parallax=&#8221;on&#8221; parallax_method=&#8221;on&#8221; custom_padding=&#8221;5%||5%|&#8221; animation_style=&#8221;zoom&#8221; animation_duration=&#8221;1500ms&#8221; animation_intensity_zoom=&#8221;4%&#8221; title_line_height_last_edited=&#8221;off|desktop&#8221; global_colors_info=&#8221;{}&#8221; button_one_text_size__hover_enabled=&#8221;off&#8221; button_two_text_size__hover_enabled=&#8221;off&#8221; button_one_text_color__hover_enabled=&#8221;off&#8221; button_two_text_color__hover_enabled=&#8221;off&#8221; button_one_border_width__hover_enabled=&#8221;off&#8221; button_two_border_width__hover_enabled=&#8221;off&#8221; button_one_border_color__hover_enabled=&#8221;off&#8221; button_two_border_color__hover_enabled=&#8221;off&#8221; button_one_border_radius__hover_enabled=&#8221;off&#8221; button_two_border_radius__hover_enabled=&#8221;off&#8221; button_one_letter_spacing__hover_enabled=&#8221;off&#8221; button_two_letter_spacing__hover_enabled=&#8221;off&#8221; button_one_bg_color__hover_enabled=&#8221;off&#8221; button_two_bg_color__hover_enabled=&#8221;off&#8221;]<\/p>\n<p>&nbsp;<\/p>\n<p>&nbsp;<\/p>\n<p>[\/et_pb_fullwidth_header][\/et_pb_section][et_pb_section fb_built=&#8221;1&#8243; _builder_version=&#8221;4.16&#8243; _module_preset=&#8221;default&#8221; custom_margin=&#8221;||-50px||false|false&#8221; global_colors_info=&#8221;{}&#8221;][et_pb_row _builder_version=&#8221;4.16&#8243; _module_preset=&#8221;default&#8221; global_colors_info=&#8221;{}&#8221;][et_pb_column type=&#8221;4_4&#8243; _builder_version=&#8221;4.16&#8243; _module_preset=&#8221;default&#8221; global_colors_info=&#8221;{}&#8221;][et_pb_text _builder_version=&#8221;4.16&#8243; _module_preset=&#8221;default&#8221; text_font=&#8221;Signika||||||||&#8221; text_text_color=&#8221;#333333&#8243; text_font_size=&#8221;16px&#8221; text_line_height=&#8221;1.9em&#8221; header_font=&#8221;Signika|700|||||||&#8221; header_text_color=&#8221;#87aa0c&#8221; header_font_size=&#8221;48px&#8221; header_2_font=&#8221;Signika|600|on||||||&#8221; header_2_text_align=&#8221;center&#8221; header_2_text_color=&#8221;#b1b1b1&#8243; header_2_font_size=&#8221;36px&#8221; header_2_line_height=&#8221;1.3em&#8221; header_3_text_color=&#8221;#b1b1b1&#8243; header_3_font_size=&#8221;28px&#8221; text_orientation=&#8221;center&#8221; global_colors_info=&#8221;{}&#8221;]<\/p>\n<h1>Sentirsi a proprio agio sin dall\u2019inizio<\/h1>\n<h2>La casa \u00e8 accogliente e arredata con amore.<\/h2>\n<p>I tre appartamenti di Casa Capinera hanno ognuno due o tre camere da letto con letti matrimoniali, oppure due letti singoli, un panorama ineguagliabile nel verde, un\u2019accogliente zona giorno con cucina integrata, divano, tavolo da pranzo, una stufa a legno, un bagno con cabina doccia e bidet. Tutti gli appartamenti sono provvisti di biancheria e asciugamani.<\/p>\n<p>[\/et_pb_text][\/et_pb_column][\/et_pb_row][et_pb_row _builder_version=&#8221;4.16&#8243; _module_preset=&#8221;default&#8221; width=&#8221;90%&#8221; global_colors_info=&#8221;{}&#8221;][et_pb_column type=&#8221;4_4&#8243; _builder_version=&#8221;4.16&#8243; _module_preset=&#8221;default&#8221; global_colors_info=&#8221;{}&#8221;][et_pb_gallery gallery_ids=&#8221;1323,1616,1694,1622,2060,2057,2053,2051,2048,1661,1643,1646,1631,1619,1622,1625,1616,1323&#8243; show_title_and_caption=&#8221;off&#8221; show_pagination=&#8221;off&#8221; _builder_version=&#8221;4.16&#8243; _module_preset=&#8221;default&#8221; custom_margin=&#8221;-20px||-20px||false|false&#8221; border_width_all_image=&#8221;5px&#8221; border_color_all_image=&#8221;#DDDDDD&#8221; locked=&#8221;off&#8221; global_colors_info=&#8221;{}&#8221;][\/et_pb_gallery][\/et_pb_column][\/et_pb_row][et_pb_row _builder_version=&#8221;4.16&#8243; _module_preset=&#8221;default&#8221; custom_margin=&#8221;||-50px||false|false&#8221; global_colors_info=&#8221;{}&#8221;][et_pb_column type=&#8221;4_4&#8243; _builder_version=&#8221;4.16&#8243; _module_preset=&#8221;default&#8221; global_colors_info=&#8221;{}&#8221;][et_pb_text _builder_version=&#8221;4.16&#8243; _module_preset=&#8221;default&#8221; text_font=&#8221;Signika||||||||&#8221; text_text_color=&#8221;#333333&#8243; text_font_size=&#8221;16px&#8221; text_line_height=&#8221;1.9em&#8221; header_font=&#8221;Signika|700|||||||&#8221; header_text_color=&#8221;#87aa0c&#8221; header_font_size=&#8221;48px&#8221; header_2_font=&#8221;Signika|600|on||||||&#8221; header_2_text_align=&#8221;center&#8221; header_2_text_color=&#8221;#b1b1b1&#8243; header_2_font_size=&#8221;36px&#8221; header_2_line_height=&#8221;1.3em&#8221; header_3_text_color=&#8221;#b1b1b1&#8243; header_3_font_size=&#8221;28px&#8221; text_orientation=&#8221;center&#8221; global_colors_info=&#8221;{}&#8221;]<\/p>\n<p><strong>Appartamento 1<\/strong>: 2 camere da letto con letto matrimoniale e\/o 2 letti singoli<br \/> <strong>Appartamento 2<\/strong>: 2 camere da letto con letto matrimoniale e\/o 3 letti singoli<br \/> <strong>Appartamento 3<\/strong>: 3 camere da letto di cui 2 camere con letto matrimoniale (una stanza \u00e8 senza finestra) e 3 letti singoli.<\/p>\n<p>Gli appartamenti sono dotati di wi-fi gratuito e televisore con programmi italiani e internazionali. Prestiamo volentieri anche libri e guide turistiche della zona. Naturalmente siamo sempre a vostra disposizione per consigli per gite, escursioni e tour nei dintorni a piedi, con la montain bike e con la macchina.\u00a0 <br \/>I cani sono i benvenuti. Lo spazio per muoversi per i nostri ospiti canini \u00e8 ampio. Nella casa del proprietario c\u2019\u00e8 gi\u00e0 un cane ben educato. Per questo motivo portate per favore solo cani ben educati. Il giardino \u00e8 molto spazioso ed aperto ai giochi, per\u00f2 essendo diviso in terrazzamenti i bambini necessitano di vigilanza.<\/p>\n<p>[\/et_pb_text][et_pb_text _builder_version=&#8221;4.27.5&#8243; _module_preset=&#8221;default&#8221; text_font=&#8221;Signika||||||||&#8221; text_text_color=&#8221;#333333&#8243; text_font_size=&#8221;16px&#8221; text_line_height=&#8221;1.9em&#8221; header_font=&#8221;Signika|700|||||||&#8221; header_text_color=&#8221;#87aa0c&#8221; header_font_size=&#8221;48px&#8221; header_2_font=&#8221;Signika|600|on||||||&#8221; header_2_text_align=&#8221;center&#8221; header_2_text_color=&#8221;#b1b1b1&#8243; header_2_font_size=&#8221;36px&#8221; header_2_line_height=&#8221;1.3em&#8221; header_3_text_color=&#8221;#b1b1b1&#8243; header_3_font_size=&#8221;28px&#8221; text_orientation=&#8221;center&#8221; hover_enabled=&#8221;0&#8243; global_colors_info=&#8221;{}&#8221; sticky_enabled=&#8221;0&#8243;]<\/p>\n<p>\u00a001.01.2026 a 02.05.2026 630 EUR \/ settimana<br \/>03.05.2026 a 31.10.2026 700 EUR \/ settimana<br \/>01.11.2026 a 31.12.2026 630 EUR \/ settimana<\/p>\n<p>[\/et_pb_text][et_pb_text _builder_version=&#8221;4.16&#8243; _module_preset=&#8221;default&#8221; text_font=&#8221;Signika||||||||&#8221; text_text_color=&#8221;#333333&#8243; text_font_size=&#8221;16px&#8221; text_line_height=&#8221;1.9em&#8221; header_font=&#8221;Signika|700|||||||&#8221; header_text_color=&#8221;#87aa0c&#8221; header_font_size=&#8221;48px&#8221; header_2_font=&#8221;Signika|600|on||||||&#8221; header_2_text_align=&#8221;center&#8221; header_2_text_color=&#8221;#b1b1b1&#8243; header_2_font_size=&#8221;36px&#8221; header_2_line_height=&#8221;1.3em&#8221; header_3_text_color=&#8221;#b1b1b1&#8243; header_3_font_size=&#8221;28px&#8221; text_orientation=&#8221;center&#8221; global_colors_info=&#8221;{}&#8221;]<\/p>\n<p>I prezzi sono per quattro persone\/settimana, per ogni persona in pi\u00f9 c\u2019\u00e8 un addizionale di 10 EUR al giorno<br \/> Extra 60 euro per pulizia<br \/> Riscaldamento 10 EUR al giorno<br \/> Legna a consumo<\/p>\n<p>[\/et_pb_text][\/et_pb_column][\/et_pb_row][\/et_pb_section][et_pb_section fb_built=&#8221;1&#8243; admin_label=&#8221;Features&#8221; _builder_version=&#8221;4.16&#8243; background_size=&#8221;initial&#8221; background_position=&#8221;top_left&#8221; custom_margin=&#8221;-50px||||false|false&#8221; custom_padding=&#8221;0px|0px||0px|false|false&#8221; saved_tabs=&#8221;all&#8221; collapsed=&#8221;off&#8221; global_colors_info=&#8221;{}&#8221;][et_pb_row admin_label=&#8221;row&#8221; _builder_version=&#8221;4.16&#8243; background_size=&#8221;initial&#8221; background_position=&#8221;top_left&#8221; background_repeat=&#8221;repeat&#8221; custom_padding=&#8221;27px|0px|27px|0px&#8221; global_colors_info=&#8221;{}&#8221;][et_pb_column type=&#8221;4_4&#8243; _builder_version=&#8221;4.16&#8243; custom_padding=&#8221;|||&#8221; global_colors_info=&#8221;{}&#8221; custom_padding__hover=&#8221;|||&#8221;][et_pb_divider show_divider=&#8221;off&#8221; disabled_on=&#8221;on|on|off%22%22%22%22%22&#8243; _builder_version=&#8221;4.16&#8243; max_width=&#8221;60px&#8221; module_alignment=&#8221;center&#8221; custom_margin=&#8221;||10px|&#8221; locked=&#8221;off&#8221; global_colors_info=&#8221;{}&#8221;][\/et_pb_divider][et_pb_text _builder_version=&#8221;4.16&#8243; text_font=&#8221;||||||||&#8221; header_font=&#8221;||||||||&#8221; header_2_font=&#8221;Playfair Display||||&#8221; header_2_text_color=&#8221;#87aa0c&#8221; header_2_font_size=&#8221;48px&#8221; header_2_line_height=&#8221;1.3em&#8221; background_size=&#8221;initial&#8221; background_position=&#8221;top_left&#8221; background_repeat=&#8221;repeat&#8221; text_orientation=&#8221;center&#8221; locked=&#8221;off&#8221; global_colors_info=&#8221;{}&#8221; header_font_size__hover=&#8221;30px&#8221; header_font_size__hover_enabled=&#8221;30px&#8221; header_letter_spacing__hover=&#8221;0px&#8221; header_letter_spacing__hover_enabled=&#8221;0px&#8221; header_text_shadow_style__hover=&#8221;none&#8221; header_text_shadow_style__hover_enabled=&#8221;none&#8221; header_text_shadow_color__hover=&#8221;rgba(0,0,0,0.4)&#8221; header_text_shadow_color__hover_enabled=&#8221;rgba(0,0,0,0.4)&#8221;]<\/p>\n<h2>Highlights<\/h2>\n<p>[\/et_pb_text][\/et_pb_column][\/et_pb_row][et_pb_row column_structure=&#8221;1_3,1_3,1_3&#8243; column_padding_mobile=&#8221;on&#8221; custom_padding_last_edited=&#8221;on|phone&#8221; _builder_version=&#8221;4.16&#8243; background_size=&#8221;initial&#8221; background_position=&#8221;top_left&#8221; background_repeat=&#8221;repeat&#8221; max_width=&#8221;1280px&#8221; custom_padding=&#8221;27px|0px|27px|0px&#8221; custom_padding_tablet=&#8221;49px|||&#8221; custom_padding_phone=&#8221;19px|||&#8221; use_custom_width=&#8221;on&#8221; custom_width_px=&#8221;1280px&#8221; locked=&#8221;off&#8221; global_colors_info=&#8221;{}&#8221;][et_pb_column type=&#8221;1_3&#8243; _builder_version=&#8221;4.16&#8243; custom_padding=&#8221;|||&#8221; global_colors_info=&#8221;{}&#8221; custom_padding__hover=&#8221;|||&#8221;][et_pb_blurb title=&#8221;Offerte speciali&#8221; use_icon=&#8221;on&#8221; font_icon=&#8221;&#xe023;||divi||400&#8243; icon_color=&#8221;#87aa0e&#8221; image_icon_width=&#8221;64px&#8221; _builder_version=&#8221;4.16&#8243; header_font=&#8221;Signika|600|||||||&#8221; header_text_color=&#8221;#B1B1B1&#8243; header_font_size=&#8221;24px&#8221; header_line_height=&#8221;1.7em&#8221; body_font=&#8221;Signika||||||||&#8221; body_text_color=&#8221;#333333&#8243; body_font_size=&#8221;17px&#8221; body_line_height=&#8221;1.8em&#8221; background_size=&#8221;initial&#8221; background_position=&#8221;top_left&#8221; background_repeat=&#8221;repeat&#8221; text_orientation=&#8221;center&#8221; icon_font_size=&#8221;64px&#8221; global_colors_info=&#8221;{}&#8221;]<\/p>\n<p>In base alla stagione, offriamo alcune settimane a tema, dalla raccolta delle olive alla settimana dello yoga. Tutto \u00e8 possibile!<\/p>\n<p>[\/et_pb_blurb][\/et_pb_column][et_pb_column type=&#8221;1_3&#8243; _builder_version=&#8221;4.16&#8243; custom_padding=&#8221;|||&#8221; global_colors_info=&#8221;{}&#8221; custom_padding__hover=&#8221;|||&#8221;][et_pb_blurb title=&#8221;Viaggi di gruppo&#8221; use_icon=&#8221;on&#8221; font_icon=&#8221;&#xe08b;||divi||400&#8243; icon_color=&#8221;#87aa0e&#8221; image_icon_width=&#8221;64px&#8221; _builder_version=&#8221;4.16&#8243; header_font=&#8221;Signika|600|||||||&#8221; header_text_color=&#8221;#B1B1B1&#8243; header_font_size=&#8221;24px&#8221; header_line_height=&#8221;1.7em&#8221; body_font=&#8221;Signika||||||||&#8221; body_text_color=&#8221;#333333&#8243; body_font_size=&#8221;17px&#8221; body_line_height=&#8221;1.8em&#8221; background_size=&#8221;initial&#8221; background_position=&#8221;top_left&#8221; background_repeat=&#8221;repeat&#8221; text_orientation=&#8221;center&#8221; icon_font_size=&#8221;64px&#8221; locked=&#8221;off&#8221; global_colors_info=&#8221;{}&#8221;]<\/p>\n<p>Tutti i gruppi sono da noi i benvenuti, non importa se \u00e8 un club cinofilo, gruppi di sportivi, o persone con disabilit\u00e0. Troveremo il divertimento che fa al caso vostro!<\/p>\n<p>[\/et_pb_blurb][et_pb_button button_url=&#8221;http:\/\/www.casa-capinera.it\/kontakt\/&#8221; button_text=&#8221;Richieste&#8221; button_alignment=&#8221;center&#8221; _builder_version=&#8221;4.16&#8243; _module_preset=&#8221;default&#8221; custom_button=&#8221;on&#8221; button_text_color=&#8221;#87aa0e&#8221; button_font=&#8221;Signika|600|||||||&#8221; locked=&#8221;off&#8221; global_colors_info=&#8221;{}&#8221;][\/et_pb_button][\/et_pb_column][et_pb_column type=&#8221;1_3&#8243; _builder_version=&#8221;4.16&#8243; custom_padding=&#8221;|||&#8221; global_colors_info=&#8221;{}&#8221; custom_padding__hover=&#8221;|||&#8221;][et_pb_blurb title=&#8221;Festeggiamenti&#8221; use_icon=&#8221;on&#8221; font_icon=&#8221;&#xe611;||divi||400&#8243; icon_color=&#8221;#87aa0e&#8221; image_icon_width=&#8221;64px&#8221; _builder_version=&#8221;4.16&#8243; header_font=&#8221;Signika|600|||||||&#8221; header_text_color=&#8221;#B1B1B1&#8243; header_font_size=&#8221;24px&#8221; header_line_height=&#8221;1.7em&#8221; body_font=&#8221;Signika||||||||&#8221; body_text_color=&#8221;#333333&#8243; body_font_size=&#8221;17px&#8221; body_line_height=&#8221;1.8em&#8221; background_size=&#8221;initial&#8221; background_position=&#8221;top_left&#8221; background_repeat=&#8221;repeat&#8221; text_orientation=&#8221;center&#8221; icon_font_size=&#8221;64px&#8221; locked=&#8221;off&#8221; global_colors_info=&#8221;{}&#8221;]<\/p>\n<p>Saremo lieti di organizzare i festeggiamenti del vostro compleanno, matrimonio o battesimo, incluso l&#8217;alloggio, il cibo e l&#8217;intrattenimento.<\/p>\n<p>[\/et_pb_blurb][\/et_pb_column][\/et_pb_row][\/et_pb_section]<\/p>\n","protected":false},"excerpt":{"rendered":"<p>&nbsp; &nbsp;Sentirsi a proprio agio sin dall\u2019inizio La casa \u00e8 accogliente e arredata con amore. I tre appartamenti di Casa Capinera hanno ognuno due o tre camere da letto con letti matrimoniali, oppure due letti singoli, un panorama ineguagliabile nel verde, un\u2019accogliente zona giorno con cucina integrata, divano, tavolo da pranzo, una stufa a legno, [&hellip;]<\/p>\n","protected":false},"author":2,"featured_media":0,"parent":0,"menu_order":0,"comment_status":"closed","ping_status":"closed","template":"","meta":{"_et_pb_use_builder":"on","_et_pb_old_content":"","_et_gb_content_width":"","footnotes":""},"class_list":["post-1161","page","type-page","status-publish","hentry"],"yoast_head":"<!-- This site is optimized with the Yoast SEO plugin v27.4 - https:\/\/yoast.com\/product\/yoast-seo-wordpress\/ -->\n<title>Abitare - Casa Capinera<\/title>\n<meta name=\"robots\" content=\"index, follow, max-snippet:-1, max-image-preview:large, max-video-preview:-1\" \/>\n<link rel=\"canonical\" href=\"https:\/\/www.casa-capinera.it\/it\/abitare-2\/\" \/>\n<meta property=\"og:locale\" content=\"it_IT\" \/>\n<meta property=\"og:type\" content=\"article\" \/>\n<meta property=\"og:title\" content=\"Abitare - Casa Capinera\" \/>\n<meta property=\"og:description\" content=\"&nbsp; &nbsp;Sentirsi a proprio agio sin dall\u2019inizio La casa \u00e8 accogliente e arredata con amore. I tre appartamenti di Casa Capinera hanno ognuno due o tre camere da letto con letti matrimoniali, oppure due letti singoli, un panorama ineguagliabile nel verde, un\u2019accogliente zona giorno con cucina integrata, divano, tavolo da pranzo, una stufa a legno, [&hellip;]\" \/>\n<meta property=\"og:url\" content=\"https:\/\/www.casa-capinera.it\/it\/abitare-2\/\" \/>\n<meta property=\"og:site_name\" content=\"Casa Capinera\" \/>\n<meta property=\"article:modified_time\" content=\"2025-12-30T17:05:20+00:00\" \/>\n<meta name=\"twitter:label1\" content=\"Tempo di lettura stimato\" \/>\n\t<meta name=\"twitter:data1\" content=\"8 minuti\" \/>\n<script type=\"application\/ld+json\" class=\"yoast-schema-graph\">{\"@context\":\"https:\\\/\\\/schema.org\",\"@graph\":[{\"@type\":\"WebPage\",\"@id\":\"https:\\\/\\\/www.casa-capinera.it\\\/it\\\/abitare-2\\\/\",\"url\":\"https:\\\/\\\/www.casa-capinera.it\\\/it\\\/abitare-2\\\/\",\"name\":\"Abitare - Casa Capinera\",\"isPartOf\":{\"@id\":\"https:\\\/\\\/www.casa-capinera.it\\\/#website\"},\"datePublished\":\"2020-11-22T13:59:54+00:00\",\"dateModified\":\"2025-12-30T17:05:20+00:00\",\"breadcrumb\":{\"@id\":\"https:\\\/\\\/www.casa-capinera.it\\\/it\\\/abitare-2\\\/#breadcrumb\"},\"inLanguage\":\"it-IT\",\"potentialAction\":[{\"@type\":\"ReadAction\",\"target\":[\"https:\\\/\\\/www.casa-capinera.it\\\/it\\\/abitare-2\\\/\"]}]},{\"@type\":\"BreadcrumbList\",\"@id\":\"https:\\\/\\\/www.casa-capinera.it\\\/it\\\/abitare-2\\\/#breadcrumb\",\"itemListElement\":[{\"@type\":\"ListItem\",\"position\":1,\"name\":\"Home\",\"item\":\"https:\\\/\\\/www.casa-capinera.it\\\/it\\\/\"},{\"@type\":\"ListItem\",\"position\":2,\"name\":\"Abitare\"}]},{\"@type\":\"WebSite\",\"@id\":\"https:\\\/\\\/www.casa-capinera.it\\\/#website\",\"url\":\"https:\\\/\\\/www.casa-capinera.it\\\/\",\"name\":\"Casa Capinera\",\"description\":\"Traumurlaub in den ligurischen Bergen\",\"potentialAction\":[{\"@type\":\"SearchAction\",\"target\":{\"@type\":\"EntryPoint\",\"urlTemplate\":\"https:\\\/\\\/www.casa-capinera.it\\\/?s={search_term_string}\"},\"query-input\":{\"@type\":\"PropertyValueSpecification\",\"valueRequired\":true,\"valueName\":\"search_term_string\"}}],\"inLanguage\":\"it-IT\"}]}<\/script>\n<!-- \/ Yoast SEO plugin. -->","yoast_head_json":{"title":"Abitare - Casa Capinera","robots":{"index":"index","follow":"follow","max-snippet":"max-snippet:-1","max-image-preview":"max-image-preview:large","max-video-preview":"max-video-preview:-1"},"canonical":"https:\/\/www.casa-capinera.it\/it\/abitare-2\/","og_locale":"it_IT","og_type":"article","og_title":"Abitare - Casa Capinera","og_description":"&nbsp; &nbsp;Sentirsi a proprio agio sin dall\u2019inizio La casa \u00e8 accogliente e arredata con amore. I tre appartamenti di Casa Capinera hanno ognuno due o tre camere da letto con letti matrimoniali, oppure due letti singoli, un panorama ineguagliabile nel verde, un\u2019accogliente zona giorno con cucina integrata, divano, tavolo da pranzo, una stufa a legno, [&hellip;]","og_url":"https:\/\/www.casa-capinera.it\/it\/abitare-2\/","og_site_name":"Casa Capinera","article_modified_time":"2025-12-30T17:05:20+00:00","twitter_misc":{"Tempo di lettura stimato":"8 minuti"},"schema":{"@context":"https:\/\/schema.org","@graph":[{"@type":"WebPage","@id":"https:\/\/www.casa-capinera.it\/it\/abitare-2\/","url":"https:\/\/www.casa-capinera.it\/it\/abitare-2\/","name":"Abitare - Casa Capinera","isPartOf":{"@id":"https:\/\/www.casa-capinera.it\/#website"},"datePublished":"2020-11-22T13:59:54+00:00","dateModified":"2025-12-30T17:05:20+00:00","breadcrumb":{"@id":"https:\/\/www.casa-capinera.it\/it\/abitare-2\/#breadcrumb"},"inLanguage":"it-IT","potentialAction":[{"@type":"ReadAction","target":["https:\/\/www.casa-capinera.it\/it\/abitare-2\/"]}]},{"@type":"BreadcrumbList","@id":"https:\/\/www.casa-capinera.it\/it\/abitare-2\/#breadcrumb","itemListElement":[{"@type":"ListItem","position":1,"name":"Home","item":"https:\/\/www.casa-capinera.it\/it\/"},{"@type":"ListItem","position":2,"name":"Abitare"}]},{"@type":"WebSite","@id":"https:\/\/www.casa-capinera.it\/#website","url":"https:\/\/www.casa-capinera.it\/","name":"Casa Capinera","description":"Traumurlaub in den ligurischen Bergen","potentialAction":[{"@type":"SearchAction","target":{"@type":"EntryPoint","urlTemplate":"https:\/\/www.casa-capinera.it\/?s={search_term_string}"},"query-input":{"@type":"PropertyValueSpecification","valueRequired":true,"valueName":"search_term_string"}}],"inLanguage":"it-IT"}]}},"_links":{"self":[{"href":"https:\/\/www.casa-capinera.it\/it\/wp-json\/wp\/v2\/pages\/1161","targetHints":{"allow":["GET"]}}],"collection":[{"href":"https:\/\/www.casa-capinera.it\/it\/wp-json\/wp\/v2\/pages"}],"about":[{"href":"https:\/\/www.casa-capinera.it\/it\/wp-json\/wp\/v2\/types\/page"}],"author":[{"embeddable":true,"href":"https:\/\/www.casa-capinera.it\/it\/wp-json\/wp\/v2\/users\/2"}],"replies":[{"embeddable":true,"href":"https:\/\/www.casa-capinera.it\/it\/wp-json\/wp\/v2\/comments?post=1161"}],"version-history":[{"count":20,"href":"https:\/\/www.casa-capinera.it\/it\/wp-json\/wp\/v2\/pages\/1161\/revisions"}],"predecessor-version":[{"id":2629,"href":"https:\/\/www.casa-capinera.it\/it\/wp-json\/wp\/v2\/pages\/1161\/revisions\/2629"}],"wp:attachment":[{"href":"https:\/\/www.casa-capinera.it\/it\/wp-json\/wp\/v2\/media?parent=1161"}],"curies":[{"name":"wp","href":"https:\/\/api.w.org\/{rel}","templated":true}]}}