{"id":1790,"date":"2020-11-28T12:18:46","date_gmt":"2020-11-28T12:18:46","guid":{"rendered":"http:\/\/www.casa-capinera.it\/vacanza-con-moto\/"},"modified":"2020-12-18T17:11:49","modified_gmt":"2020-12-18T17:11:49","slug":"vacanza-con-moto","status":"publish","type":"page","link":"https:\/\/www.casa-capinera.it\/it\/vacanza-con-moto\/","title":{"rendered":"Vacanza con moto"},"content":{"rendered":"<p>[et_pb_section fb_built=&#8221;1&#8243; fullwidth=&#8221;on&#8221; disabled_on=&#8221;off|off|off&#8221; admin_label=&#8221;Hero&#8221; _builder_version=&#8221;4.5.1&#8243; background_color=&#8221;rgba(0,0,0,0)&#8221; background_image=&#8221;http:\/\/www.casa-capinera.it\/wp-content\/uploads\/2020\/11\/titel_moped.jpg&#8221; parallax=&#8221;on&#8221; min_height=&#8221;385px&#8221; custom_padding=&#8221;|||&#8221; transparent_background=&#8221;on&#8221;][et_pb_fullwidth_header text_orientation=&#8221;center&#8221; background_overlay_color=&#8221;rgba(0,0,0,0)&#8221; subhead_font_color=&#8221;#bebebe&#8221; _builder_version=&#8221;4.5.1&#8243; title_font=&#8221;Playfair Display||||&#8221; title_text_color=&#8221;#ffffff&#8221; title_font_size=&#8221;72px&#8221; title_line_height=&#8221;1.3em&#8221; content_font=&#8221;Montserrat||||&#8221; content_text_color=&#8221;#bfbfbf&#8221; content_font_size=&#8221;19px&#8221; content_line_height=&#8221;1.8em&#8221; subhead_font=&#8221;Montserrat||||&#8221; subhead_text_color=&#8221;#bebebe&#8221; subhead_line_height=&#8221;1.8em&#8221; background_color=&#8221;rgba(255, 255, 255, 0)&#8221; background_enable_image=&#8221;off&#8221; parallax=&#8221;on&#8221; parallax_method=&#8221;on&#8221; custom_padding=&#8221;5%||5%|&#8221; animation_style=&#8221;zoom&#8221; animation_duration=&#8221;1500ms&#8221; animation_intensity_zoom=&#8221;4%&#8221; title_line_height_last_edited=&#8221;off|desktop&#8221; button_one_text_size__hover_enabled=&#8221;off&#8221; button_two_text_size__hover_enabled=&#8221;off&#8221; button_one_text_color__hover_enabled=&#8221;off&#8221; button_two_text_color__hover_enabled=&#8221;off&#8221; button_one_border_width__hover_enabled=&#8221;off&#8221; button_two_border_width__hover_enabled=&#8221;off&#8221; button_one_border_color__hover_enabled=&#8221;off&#8221; button_two_border_color__hover_enabled=&#8221;off&#8221; button_one_border_radius__hover_enabled=&#8221;off&#8221; button_two_border_radius__hover_enabled=&#8221;off&#8221; button_one_letter_spacing__hover_enabled=&#8221;off&#8221; button_two_letter_spacing__hover_enabled=&#8221;off&#8221; button_one_bg_color__hover_enabled=&#8221;off&#8221; button_two_bg_color__hover_enabled=&#8221;off&#8221;]<\/p>\n<p>&nbsp;<\/p>\n<p>&nbsp;<\/p>\n<p>[\/et_pb_fullwidth_header][\/et_pb_section][et_pb_section fb_built=&#8221;1&#8243; _builder_version=&#8221;4.5.1&#8243; _module_preset=&#8221;default&#8221; custom_margin=&#8221;||-50px||false|false&#8221;][et_pb_row _builder_version=&#8221;4.5.1&#8243; _module_preset=&#8221;default&#8221; locked=&#8221;off&#8221;][et_pb_column type=&#8221;4_4&#8243; _builder_version=&#8221;4.5.1&#8243; _module_preset=&#8221;default&#8221;][et_pb_text _builder_version=&#8221;4.5.1&#8243; _module_preset=&#8221;default&#8221; text_font=&#8221;Signika||||||||&#8221; text_text_color=&#8221;#333333&#8243; text_font_size=&#8221;16px&#8221; text_line_height=&#8221;1.9em&#8221; header_font=&#8221;Signika|700|||||||&#8221; header_text_color=&#8221;#87aa0c&#8221; header_font_size=&#8221;48px&#8221; header_2_font=&#8221;Signika|600|on||||||&#8221; header_2_text_align=&#8221;center&#8221; header_2_text_color=&#8221;#b1b1b1&#8243; header_2_font_size=&#8221;36px&#8221; header_2_line_height=&#8221;1.3em&#8221; header_3_text_color=&#8221;#b1b1b1&#8243; header_3_font_size=&#8221;28px&#8221; text_orientation=&#8221;center&#8221;]<\/p>\n<h1>Con le 2 ruote nella terra dell&#8217;avventura Liguria<\/h1>\n<h2>Una gamma di prodotti diversificata &#8211; quella giusta per tutti &#8230;<\/h2>\n<p>Sia che si tratti di una crociera sull&#8217;asfalto, di uno scivolo fuori strada sul terreno, di una discesa su strade sterrate in montagna o di una prova di abilit\u00e0 sulla pista da fondo, tutti si danno da fare intorno a Casa Capinera.<\/p>\n<h2>Un&#8217;offerta variegata &#8211; la cosa giusta per tutti<\/h2>\n<p>Gli amanti dell&#8217;enduro possono scegliere tra molti tour, in parte segnati, fino alle cime innevate delle Alpi Marittime, con vista sulla costa ligure e sul Mar Mediterraneo. I veri ciclisti su strada possono competere con i professionisti italiani su piccole strade di valico, come il Passo di Lupo, dove si \u00e8 svolto, ad esempio, il Giro D&#8217;Italia. Gli amanti delle strade sterrate si ritrovano sulla strada di crinale del confine ligure, la Via del Sale, per esempio. E naturalmente, se necessario, potete essere accompagnati da una guida esperta.<\/p>\n<h2>Cene accoglienti o un vero e proprio barbecue per motociclisti<\/h2>\n<p>A Casa Capinera si pu\u00f2 scegliere liberamente, mezza pensione con specialit\u00e0 liguri, serata di pasta all&#8217;arrivo, pacchetto di provviste per la strada, barbecue o self-catering, tutto \u00e8 possibile. Per una sosta abbiamo molti consigli per piccoli ristoranti in pittoreschi villaggi di montagna, vere e proprie aziende a conduzione familiare dove la mamma \u00e8 in cucina ed evoca ogni giorno nuove prelibatezze regionali. <br \/>E ci siamo anche occupati della birra di stivale dopo il tour.<\/p>\n<p>[\/et_pb_text][\/et_pb_column][\/et_pb_row][et_pb_row _builder_version=&#8221;4.5.1&#8243; _module_preset=&#8221;default&#8221; locked=&#8221;off&#8221;][et_pb_column type=&#8221;4_4&#8243; _builder_version=&#8221;4.5.1&#8243; _module_preset=&#8221;default&#8221;][et_pb_gallery gallery_ids=&#8221;1308,1305,1299,2269,1294,2265,2273,2277,2281,2285,2289,2293,1475,2528,2524,2520,2516,2512,2504,2500&#8243; show_title_and_caption=&#8221;off&#8221; show_pagination=&#8221;off&#8221; _builder_version=&#8221;4.5.1&#8243; _module_preset=&#8221;default&#8221; custom_margin=&#8221;-20px||-20px||false|false&#8221; border_width_all_image=&#8221;5px&#8221; border_color_all_image=&#8221;#DDDDDD&#8221; locked=&#8221;off&#8221;][\/et_pb_gallery][\/et_pb_column][\/et_pb_row][et_pb_row _builder_version=&#8221;4.5.1&#8243; _module_preset=&#8221;default&#8221; locked=&#8221;off&#8221;][et_pb_column type=&#8221;4_4&#8243; _builder_version=&#8221;4.5.1&#8243; _module_preset=&#8221;default&#8221;][et_pb_text _builder_version=&#8221;4.5.1&#8243; _module_preset=&#8221;default&#8221; text_font=&#8221;Signika||||||||&#8221; text_text_color=&#8221;#333333&#8243; text_font_size=&#8221;16px&#8221; text_line_height=&#8221;1.9em&#8221; header_font=&#8221;Signika|700|||||||&#8221; header_text_color=&#8221;#87aa0c&#8221; header_font_size=&#8221;48px&#8221; header_2_font=&#8221;Signika|600|on||||||&#8221; header_2_text_align=&#8221;center&#8221; header_2_text_color=&#8221;#b1b1b1&#8243; header_2_font_size=&#8221;36px&#8221; header_2_line_height=&#8221;1.3em&#8221; header_3_text_color=&#8221;#b1b1b1&#8243; header_3_font_size=&#8221;28px&#8221; text_orientation=&#8221;center&#8221;]<\/p>\n<h2>Spazio sufficiente per tutti<\/h2>\n<p>Non importa se con rimorchio, autobus o auto di grossa cilindrata, ci sono abbastanza posti auto nell&#8217;area di Casa Capinera. E i ciclomotori sono parcheggiati in sicurezza sotto il tetto della grande pensilina, dove sono possibili anche piccole riparazioni. Sono disponibili anche diverse prese, ad esempio per la ricarica delle biciclette elettriche.<\/p>\n<p>Gli amanti dei tornanti, delle curve, dei tornanti e delle piccole strade di valico si troveranno a loro agio intorno a Casa Capinera. Solo le mucche, i cavalli o gli altri animali che corrono liberi devono essere sempre sorvegliati e preparati.<\/p>\n<p>[\/et_pb_text][\/et_pb_column][\/et_pb_row][\/et_pb_section][et_pb_section fb_built=&#8221;1&#8243; admin_label=&#8221;Features&#8221; _builder_version=&#8221;4.5.1&#8243; background_size=&#8221;initial&#8221; background_position=&#8221;top_left&#8221; custom_margin=&#8221;-50px||||false|false&#8221; custom_padding=&#8221;0px|0px||0px|false|false&#8221; saved_tabs=&#8221;all&#8221; locked=&#8221;off&#8221; collapsed=&#8221;off&#8221;][et_pb_row admin_label=&#8221;row&#8221; _builder_version=&#8221;3.25&#8243; background_size=&#8221;initial&#8221; background_position=&#8221;top_left&#8221; background_repeat=&#8221;repeat&#8221; custom_padding=&#8221;27px|0px|27px|0px&#8221;][et_pb_column type=&#8221;4_4&#8243; _builder_version=&#8221;3.25&#8243; custom_padding=&#8221;|||&#8221; custom_padding__hover=&#8221;|||&#8221;][et_pb_divider show_divider=&#8221;off&#8221; disabled_on=&#8221;on|on|off%22%22%22%22%22&#8243; _builder_version=&#8221;3.2&#8243; max_width=&#8221;60px&#8221; module_alignment=&#8221;center&#8221; custom_margin=&#8221;||10px|&#8221; locked=&#8221;off&#8221;][\/et_pb_divider][et_pb_text _builder_version=&#8221;4.5.1&#8243; text_font=&#8221;||||||||&#8221; header_font=&#8221;||||||||&#8221; header_2_font=&#8221;Playfair Display||||&#8221; header_2_text_color=&#8221;#87aa0c&#8221; header_2_font_size=&#8221;48px&#8221; header_2_line_height=&#8221;1.3em&#8221; background_size=&#8221;initial&#8221; background_position=&#8221;top_left&#8221; background_repeat=&#8221;repeat&#8221; text_orientation=&#8221;center&#8221; locked=&#8221;off&#8221; header_font_size__hover=&#8221;30px&#8221; header_font_size__hover_enabled=&#8221;30px&#8221; header_letter_spacing__hover=&#8221;0px&#8221; header_letter_spacing__hover_enabled=&#8221;0px&#8221; header_text_shadow_style__hover=&#8221;none&#8221; header_text_shadow_style__hover_enabled=&#8221;none&#8221; header_text_shadow_color__hover=&#8221;rgba(0,0,0,0.4)&#8221; header_text_shadow_color__hover_enabled=&#8221;rgba(0,0,0,0.4)&#8221;]<\/p>\n<h2>Highlights<\/h2>\n<p>[\/et_pb_text][\/et_pb_column][\/et_pb_row][et_pb_row column_structure=&#8221;1_3,1_3,1_3&#8243; column_padding_mobile=&#8221;on&#8221; custom_padding_last_edited=&#8221;on|phone&#8221; _builder_version=&#8221;3.25&#8243; background_size=&#8221;initial&#8221; background_position=&#8221;top_left&#8221; background_repeat=&#8221;repeat&#8221; max_width=&#8221;1280px&#8221; custom_padding=&#8221;27px|0px|27px|0px&#8221; custom_padding_tablet=&#8221;49px|||&#8221; custom_padding_phone=&#8221;19px|||&#8221; use_custom_width=&#8221;on&#8221; custom_width_px=&#8221;1280px&#8221;][et_pb_column type=&#8221;1_3&#8243; _builder_version=&#8221;3.25&#8243; custom_padding=&#8221;|||&#8221; custom_padding__hover=&#8221;|||&#8221;][et_pb_blurb title=&#8221;Offerte speciali&#8221; use_icon=&#8221;on&#8221; font_icon=&#8221;%%128%%&#8221; icon_color=&#8221;#87aa0e&#8221; use_icon_font_size=&#8221;on&#8221; icon_font_size=&#8221;64px&#8221; _builder_version=&#8221;4.5.1&#8243; header_font=&#8221;Signika|600|||||||&#8221; header_text_color=&#8221;#B1B1B1&#8243; header_font_size=&#8221;24px&#8221; header_line_height=&#8221;1.7em&#8221; body_font=&#8221;Signika||||||||&#8221; body_text_color=&#8221;#333333&#8243; body_font_size=&#8221;17px&#8221; body_line_height=&#8221;1.8em&#8221; background_size=&#8221;initial&#8221; background_position=&#8221;top_left&#8221; background_repeat=&#8221;repeat&#8221; text_orientation=&#8221;center&#8221;]<\/p>\n<p>In base alla stagione, offriamo alcune settimane a tema, dalla raccolta delle olive alla settimana dello yoga. Tutto \u00e8 possibile!<\/p>\n<p>[\/et_pb_blurb][\/et_pb_column][et_pb_column type=&#8221;1_3&#8243; _builder_version=&#8221;3.25&#8243; custom_padding=&#8221;|||&#8221; custom_padding__hover=&#8221;|||&#8221;][et_pb_blurb title=&#8221;Viaggi di gruppo&#8221; use_icon=&#8221;on&#8221; font_icon=&#8221;%%259%%&#8221; icon_color=&#8221;#87aa0e&#8221; use_icon_font_size=&#8221;on&#8221; icon_font_size=&#8221;64px&#8221; _builder_version=&#8221;4.5.1&#8243; header_font=&#8221;Signika|600|||||||&#8221; header_text_color=&#8221;#B1B1B1&#8243; header_font_size=&#8221;24px&#8221; header_line_height=&#8221;1.7em&#8221; body_font=&#8221;Signika||||||||&#8221; body_text_color=&#8221;#333333&#8243; body_font_size=&#8221;17px&#8221; body_line_height=&#8221;1.8em&#8221; background_size=&#8221;initial&#8221; background_position=&#8221;top_left&#8221; background_repeat=&#8221;repeat&#8221; text_orientation=&#8221;center&#8221; locked=&#8221;off&#8221;]<\/p>\n<p>Tutti i gruppi sono da noi i benvenuti, non importa se \u00e8 un club cinofilo, gruppi di sportivi, o persone con disabilit\u00e0. Troveremo il divertimento che fa al caso vostro!<\/p>\n<p>[\/et_pb_blurb][et_pb_button button_url=&#8221;http:\/\/www.casa-capinera.it\/it\/kontakt\/&#8221; button_text=&#8221;Richieste&#8221; button_alignment=&#8221;center&#8221; _builder_version=&#8221;4.5.1&#8243; _module_preset=&#8221;default&#8221; custom_button=&#8221;on&#8221; button_text_color=&#8221;#87aa0e&#8221; button_font=&#8221;Signika|600|||||||&#8221; locked=&#8221;off&#8221;][\/et_pb_button][\/et_pb_column][et_pb_column type=&#8221;1_3&#8243; _builder_version=&#8221;3.25&#8243; custom_padding=&#8221;|||&#8221; custom_padding__hover=&#8221;|||&#8221;][et_pb_blurb title=&#8221;Festeggiamenti&#8221; use_icon=&#8221;on&#8221; font_icon=&#8221;%%377%%&#8221; icon_color=&#8221;#87aa0e&#8221; use_icon_font_size=&#8221;on&#8221; icon_font_size=&#8221;64px&#8221; _builder_version=&#8221;4.5.1&#8243; header_font=&#8221;Signika|600|||||||&#8221; header_text_color=&#8221;#B1B1B1&#8243; header_font_size=&#8221;24px&#8221; header_line_height=&#8221;1.7em&#8221; body_font=&#8221;Signika||||||||&#8221; body_text_color=&#8221;#333333&#8243; body_font_size=&#8221;17px&#8221; body_line_height=&#8221;1.8em&#8221; background_size=&#8221;initial&#8221; background_position=&#8221;top_left&#8221; background_repeat=&#8221;repeat&#8221; text_orientation=&#8221;center&#8221; locked=&#8221;off&#8221;]<\/p>\n<p>Saremo lieti di organizzare i festeggiamenti del vostro compleanno, matrimonio o battesimo, incluso l&#8217;alloggio, il cibo e l&#8217;intrattenimento.<\/p>\n<p>[\/et_pb_blurb][\/et_pb_column][\/et_pb_row][\/et_pb_section]<\/p>\n","protected":false},"excerpt":{"rendered":"<p>&nbsp; &nbsp;Con le 2 ruote nella terra dell&#8217;avventura Liguria Una gamma di prodotti diversificata &#8211; quella giusta per tutti &#8230; Sia che si tratti di una crociera sull&#8217;asfalto, di uno scivolo fuori strada sul terreno, di una discesa su strade sterrate in montagna o di una prova di abilit\u00e0 sulla pista da fondo, tutti si [&hellip;]<\/p>\n","protected":false},"author":2,"featured_media":0,"parent":0,"menu_order":0,"comment_status":"closed","ping_status":"closed","template":"","meta":{"_et_pb_use_builder":"on","_et_pb_old_content":"","_et_gb_content_width":"","footnotes":""},"class_list":["post-1790","page","type-page","status-publish","hentry"],"yoast_head":"<!-- This site is optimized with the Yoast SEO plugin v27.4 - https:\/\/yoast.com\/product\/yoast-seo-wordpress\/ -->\n<title>Vacanza con moto - Casa Capinera<\/title>\n<meta name=\"robots\" content=\"index, follow, max-snippet:-1, max-image-preview:large, max-video-preview:-1\" \/>\n<link rel=\"canonical\" href=\"https:\/\/www.casa-capinera.it\/it\/vacanza-con-moto\/\" \/>\n<meta property=\"og:locale\" content=\"it_IT\" \/>\n<meta property=\"og:type\" content=\"article\" \/>\n<meta property=\"og:title\" content=\"Vacanza con moto - Casa Capinera\" \/>\n<meta property=\"og:description\" content=\"&nbsp; &nbsp;Con le 2 ruote nella terra dell&#039;avventura Liguria Una gamma di prodotti diversificata - quella giusta per tutti ... Sia che si tratti di una crociera sull&#039;asfalto, di uno scivolo fuori strada sul terreno, di una discesa su strade sterrate in montagna o di una prova di abilit\u00e0 sulla pista da fondo, tutti si [&hellip;]\" \/>\n<meta property=\"og:url\" content=\"https:\/\/www.casa-capinera.it\/it\/vacanza-con-moto\/\" \/>\n<meta property=\"og:site_name\" content=\"Casa Capinera\" \/>\n<meta property=\"article:modified_time\" content=\"2020-12-18T17:11:49+00:00\" \/>\n<meta name=\"twitter:label1\" content=\"Tempo di lettura stimato\" \/>\n\t<meta name=\"twitter:data1\" content=\"7 minuti\" \/>\n<script type=\"application\/ld+json\" class=\"yoast-schema-graph\">{\"@context\":\"https:\\\/\\\/schema.org\",\"@graph\":[{\"@type\":\"WebPage\",\"@id\":\"https:\\\/\\\/www.casa-capinera.it\\\/it\\\/vacanza-con-moto\\\/\",\"url\":\"https:\\\/\\\/www.casa-capinera.it\\\/it\\\/vacanza-con-moto\\\/\",\"name\":\"Vacanza con moto - Casa Capinera\",\"isPartOf\":{\"@id\":\"https:\\\/\\\/www.casa-capinera.it\\\/#website\"},\"datePublished\":\"2020-11-28T12:18:46+00:00\",\"dateModified\":\"2020-12-18T17:11:49+00:00\",\"breadcrumb\":{\"@id\":\"https:\\\/\\\/www.casa-capinera.it\\\/it\\\/vacanza-con-moto\\\/#breadcrumb\"},\"inLanguage\":\"it-IT\",\"potentialAction\":[{\"@type\":\"ReadAction\",\"target\":[\"https:\\\/\\\/www.casa-capinera.it\\\/it\\\/vacanza-con-moto\\\/\"]}]},{\"@type\":\"BreadcrumbList\",\"@id\":\"https:\\\/\\\/www.casa-capinera.it\\\/it\\\/vacanza-con-moto\\\/#breadcrumb\",\"itemListElement\":[{\"@type\":\"ListItem\",\"position\":1,\"name\":\"Home\",\"item\":\"https:\\\/\\\/www.casa-capinera.it\\\/it\\\/\"},{\"@type\":\"ListItem\",\"position\":2,\"name\":\"Vacanza con moto\"}]},{\"@type\":\"WebSite\",\"@id\":\"https:\\\/\\\/www.casa-capinera.it\\\/#website\",\"url\":\"https:\\\/\\\/www.casa-capinera.it\\\/\",\"name\":\"Casa Capinera\",\"description\":\"Traumurlaub in den ligurischen Bergen\",\"potentialAction\":[{\"@type\":\"SearchAction\",\"target\":{\"@type\":\"EntryPoint\",\"urlTemplate\":\"https:\\\/\\\/www.casa-capinera.it\\\/?s={search_term_string}\"},\"query-input\":{\"@type\":\"PropertyValueSpecification\",\"valueRequired\":true,\"valueName\":\"search_term_string\"}}],\"inLanguage\":\"it-IT\"}]}<\/script>\n<!-- \/ Yoast SEO plugin. -->","yoast_head_json":{"title":"Vacanza con moto - Casa Capinera","robots":{"index":"index","follow":"follow","max-snippet":"max-snippet:-1","max-image-preview":"max-image-preview:large","max-video-preview":"max-video-preview:-1"},"canonical":"https:\/\/www.casa-capinera.it\/it\/vacanza-con-moto\/","og_locale":"it_IT","og_type":"article","og_title":"Vacanza con moto - Casa Capinera","og_description":"&nbsp; &nbsp;Con le 2 ruote nella terra dell'avventura Liguria Una gamma di prodotti diversificata - quella giusta per tutti ... Sia che si tratti di una crociera sull'asfalto, di uno scivolo fuori strada sul terreno, di una discesa su strade sterrate in montagna o di una prova di abilit\u00e0 sulla pista da fondo, tutti si [&hellip;]","og_url":"https:\/\/www.casa-capinera.it\/it\/vacanza-con-moto\/","og_site_name":"Casa Capinera","article_modified_time":"2020-12-18T17:11:49+00:00","twitter_misc":{"Tempo di lettura stimato":"7 minuti"},"schema":{"@context":"https:\/\/schema.org","@graph":[{"@type":"WebPage","@id":"https:\/\/www.casa-capinera.it\/it\/vacanza-con-moto\/","url":"https:\/\/www.casa-capinera.it\/it\/vacanza-con-moto\/","name":"Vacanza con moto - Casa Capinera","isPartOf":{"@id":"https:\/\/www.casa-capinera.it\/#website"},"datePublished":"2020-11-28T12:18:46+00:00","dateModified":"2020-12-18T17:11:49+00:00","breadcrumb":{"@id":"https:\/\/www.casa-capinera.it\/it\/vacanza-con-moto\/#breadcrumb"},"inLanguage":"it-IT","potentialAction":[{"@type":"ReadAction","target":["https:\/\/www.casa-capinera.it\/it\/vacanza-con-moto\/"]}]},{"@type":"BreadcrumbList","@id":"https:\/\/www.casa-capinera.it\/it\/vacanza-con-moto\/#breadcrumb","itemListElement":[{"@type":"ListItem","position":1,"name":"Home","item":"https:\/\/www.casa-capinera.it\/it\/"},{"@type":"ListItem","position":2,"name":"Vacanza con moto"}]},{"@type":"WebSite","@id":"https:\/\/www.casa-capinera.it\/#website","url":"https:\/\/www.casa-capinera.it\/","name":"Casa Capinera","description":"Traumurlaub in den ligurischen Bergen","potentialAction":[{"@type":"SearchAction","target":{"@type":"EntryPoint","urlTemplate":"https:\/\/www.casa-capinera.it\/?s={search_term_string}"},"query-input":{"@type":"PropertyValueSpecification","valueRequired":true,"valueName":"search_term_string"}}],"inLanguage":"it-IT"}]}},"_links":{"self":[{"href":"https:\/\/www.casa-capinera.it\/it\/wp-json\/wp\/v2\/pages\/1790","targetHints":{"allow":["GET"]}}],"collection":[{"href":"https:\/\/www.casa-capinera.it\/it\/wp-json\/wp\/v2\/pages"}],"about":[{"href":"https:\/\/www.casa-capinera.it\/it\/wp-json\/wp\/v2\/types\/page"}],"author":[{"embeddable":true,"href":"https:\/\/www.casa-capinera.it\/it\/wp-json\/wp\/v2\/users\/2"}],"replies":[{"embeddable":true,"href":"https:\/\/www.casa-capinera.it\/it\/wp-json\/wp\/v2\/comments?post=1790"}],"version-history":[{"count":10,"href":"https:\/\/www.casa-capinera.it\/it\/wp-json\/wp\/v2\/pages\/1790\/revisions"}],"predecessor-version":[{"id":2565,"href":"https:\/\/www.casa-capinera.it\/it\/wp-json\/wp\/v2\/pages\/1790\/revisions\/2565"}],"wp:attachment":[{"href":"https:\/\/www.casa-capinera.it\/it\/wp-json\/wp\/v2\/media?parent=1790"}],"curies":[{"name":"wp","href":"https:\/\/api.w.org\/{rel}","templated":true}]}}